{"id":102,"date":"2024-04-16T12:11:08","date_gmt":"2024-04-16T10:11:08","guid":{"rendered":"https:\/\/clauselsabater.com\/inicio\/48-2\/?page_id=102"},"modified":"2024-04-17T11:15:22","modified_gmt":"2024-04-17T09:15:22","slug":"aviso-legal","status":"publish","type":"page","link":"https:\/\/clauselsabater.com\/inicio\/48-2\/aviso-legal\/","title":{"rendered":"Aviso Legal"},"content":{"rendered":"\n<p><strong>LEY DE LOS SERVICIOS DE LA SOCIEDAD DE LA INFORMACI\u00d3N (LSSI)<\/strong><\/p>\n\n\n\n<p>Juan Carlos Llorca Estarelles responsable del sitio web, en adelante \u00a0RESPONSABLE, pone \u00a0a disposici\u00f3n de \u00a0los\u00a0 usuarios el presente documento, con \u00a0el que \u00a0pretende dar \u00a0cumplimiento a \u00a0las obligaciones dispuestas \u00a0en \u00a0la\u00a0 Ley 34\/2002, de \u00a011 \u00a0de \u00a0julio, de \u00a0Servicios de \u00a0la\u00a0 Sociedad de \u00a0la Informaci\u00f3n \u00a0y de Comercio Electr\u00f3nico (LSSICE), BOE N.\u00ba 166, as\u00ed \u00a0como \u00a0informar a todos \u00a0los usuarios del sitio web respecto a cu\u00e1les son\u00a0 las condiciones de uso.<\/p>\n\n\n\n<p>Toda &nbsp;persona que &nbsp;acceda a&nbsp; este sitio web &nbsp;asume el papel &nbsp;de &nbsp;usuario, comprometi\u00e9ndose a&nbsp; la observancia y cumplimiento riguroso &nbsp;de las disposiciones aqu\u00ed&nbsp; dispuestas, as\u00ed&nbsp; como&nbsp; a cualquier otra disposici\u00f3n legal que fuera &nbsp;de aplicaci\u00f3n.<\/p>\n\n\n\n<p>Juan Carlos Llorca Estarelles se reserva el derecho de modificar cualquier tipo de informaci\u00f3n que \u00a0pudiera aparecer en el sitio web, \u00a0sin que \u00a0exista \u00a0obligaci\u00f3n \u00a0de preavisar o poner \u00a0en conocimiento de los usuarios dichas obligaciones, entendi\u00e9ndose como \u00a0suficiente la publicaci\u00f3n en el sitio web de https:\/\/clauselsabater.com<\/p>\n\n\n\n<p><strong>1. DATOS IDENTIFICATIVOS<\/strong><\/p>\n\n\n\n<p>Nombre \u00a0de dominio:<a href=\"https:\/\/clauselsabater.com\"> clauselsabater.com<\/a><\/p>\n\n\n\n<p>Nombre \u00a0comercial: EL SABATER Denominaci\u00f3n social: EL SABATER NIF: 20801447-V<\/p>\n\n\n\n<p>Domicilio social: C\/Llauradors 14\u00a0\u00a0 Almussafes 46440 (VALENCIA) Tel\u00e9fono: 687 54 14 93<\/p>\n\n\n\n<p>E-mail: <a href=\"mailto:info@abratec.es\">info@clauselsabater.com<\/a><\/p>\n\n\n\n<p>Registro Mercantil de VALENCIA<\/p>\n\n\n\n<p><strong>2. DERECHOS DE PROPIEDAD INTELECTUAL E INDUSTRIAL<\/strong><\/p>\n\n\n\n<p>El sitio web, &nbsp;incluyendo a t\u00edtulo enunciativo pero &nbsp;no limitativo su programaci\u00f3n, edici\u00f3n, &nbsp;compilaci\u00f3n &nbsp;y dem\u00e1s elementos necesarios para &nbsp;su &nbsp;funcionamiento, los dise\u00f1os, logotipos, &nbsp;texto &nbsp;y\/o gr\u00e1ficos, &nbsp;son propiedad del RESPONSABLE o, si es el caso, dispone de licencia&nbsp; o autorizaci\u00f3n expresa por parte &nbsp;de los autores. Todos &nbsp;los contenidos del sitio web se encuentran debidamente protegidos por la normativa de propiedad intelectual e industrial, &nbsp;as\u00ed&nbsp; como&nbsp; inscritos &nbsp;en los registros p\u00fablicos &nbsp;correspondientes. Independientemente de la finalidad para &nbsp;la que &nbsp;fueran &nbsp;destinados, la reproducci\u00f3n total o parcial, &nbsp;uso, explotaci\u00f3n, distribuci\u00f3n &nbsp;y comercializaci\u00f3n, requiere en &nbsp;todo &nbsp;caso la autorizaci\u00f3n escrita previa &nbsp;por parte &nbsp;del RESPONSABLE. Cualquier uso &nbsp;no autorizado previamente se considera un incumplimiento grave &nbsp;de los derechos de propiedad intelectual o industrial &nbsp;del autor.<\/p>\n\n\n\n<p>Los dise\u00f1os, logotipos, &nbsp;texto y\/o gr\u00e1ficos &nbsp;ajenos al RESPONSABLE y que &nbsp;pudieran aparecer en el sitio web, pertenecen a sus &nbsp;respectivos propietarios, siendo ellos mismos responsables de cualquier posible controversia que &nbsp;pudiera suscitarse respecto a los mismos. El RESPONSABLE autoriza expresamente<\/p>\n\n\n\n<p>a que \u00a0terceros puedan redirigir directamente a los contenidos concretos del sitio web,\u00a0 y en todo caso redirigir al sitio web principal de clauselsabater.com.<\/p>\n\n\n\n<p>El RESPONSABLE reconoce &nbsp;a favor de &nbsp;sus &nbsp;titulares &nbsp;los correspondientes derechos de &nbsp;propiedad intelectual e industrial, &nbsp;no implicando &nbsp;su&nbsp; sola &nbsp;menci\u00f3n o aparici\u00f3n en&nbsp; el sitio web &nbsp;la existencia de derechos o &nbsp;responsabilidad alguna sobre&nbsp; los &nbsp;mismos, como &nbsp;tampoco respaldo, &nbsp;patrocinio&nbsp; &nbsp;o recomendaci\u00f3n por parte &nbsp;del mismo.<\/p>\n\n\n\n<p>Para realizar \u00a0cualquier tipo de \u00a0observaci\u00f3n respecto a posibles incumplimientos de \u00a0los derechos de propiedad intelectual o industrial, \u00a0as\u00ed \u00a0como \u00a0sobre cualquiera de\u00a0 los contenidos del sitio web, \u00a0puede hacerlo a trav\u00e9s del correo \u00a0electr\u00f3nico <a href=\"mailto:info@abratec.es\"><a href=\"mailto:info@abratec.es\">info@clauselsabater.com<\/a><\/a><\/p>\n\n\n\n<p><strong>3. EXENCI\u00d3N DE RESPONSABILIDADES<\/strong><\/p>\n\n\n\n<p>El RESPONSABLE se exime &nbsp;de cualquier tipo de responsabilidad derivada de la informaci\u00f3n &nbsp;publicada en su sitio web siempre que &nbsp;esta informaci\u00f3n &nbsp;haya &nbsp;sido manipulada o introducida por un tercero ajeno al mismo.<\/p>\n\n\n\n<p><strong>Uso &nbsp;de Cookies<\/strong><\/p>\n\n\n\n<p>Este &nbsp;sitio web puede utilizar cookies t\u00e9cnicas (peque\u00f1os archivos de informaci\u00f3n &nbsp;que &nbsp;el servidor &nbsp;env\u00eda al ordenador de &nbsp;quien &nbsp;accede a&nbsp; la p\u00e1gina) para &nbsp;llevar &nbsp;a&nbsp; cabo &nbsp;determinadas funciones que &nbsp;son consideradas &nbsp;imprescindibles para &nbsp;el correcto funcionamiento y visualizaci\u00f3n del sitio. Las &nbsp;cookies utilizadas tienen, &nbsp;en &nbsp;todo &nbsp;caso, car\u00e1cter temporal, con &nbsp;la \u00fanica &nbsp;finalidad &nbsp;de &nbsp;hacer m\u00e1s &nbsp;eficaz &nbsp;la navegaci\u00f3n, y desaparecen al &nbsp;terminar&nbsp;&nbsp; la &nbsp;sesi\u00f3n del &nbsp;usuario. En &nbsp;ning\u00fan &nbsp;caso, estas cookies proporcionan por s\u00ed mismas datos de&nbsp; car\u00e1cter personal y no se utilizar\u00e1n &nbsp;para &nbsp;la recogida de&nbsp; los mismos.<\/p>\n\n\n\n<p>Mediante el uso&nbsp; de cookies tambi\u00e9n es posible &nbsp;que el servidor &nbsp;donde se encuentra la web reconozca el navegador utilizado por el usuario con la finalidad de que &nbsp;la navegaci\u00f3n sea m\u00e1s &nbsp;sencilla, &nbsp;permitiendo, por ejemplo, &nbsp;el acceso de &nbsp;los usuarios que &nbsp;se hayan registrado previamente a las &nbsp;\u00e1reas, servicios, promociones o concursos reservados exclusivamente a ellos sin tener &nbsp;que &nbsp;registrarse en cada visita. Tambi\u00e9n se pueden utilizar para &nbsp;medir &nbsp;la audiencia, par\u00e1metros de &nbsp;tr\u00e1fico, &nbsp;controlar &nbsp;el progreso y n\u00famero de &nbsp;entradas, etc., &nbsp;siendo en &nbsp;estos &nbsp;casos &nbsp;cookies prescindibles t\u00e9cnicamente, pero beneficiosas para &nbsp;el usuario. Este &nbsp;sitio web&nbsp; no instalar\u00e1 cookies prescindibles sin el consentimiento previo del usuario.<\/p>\n\n\n\n<p>Este &nbsp;sitio web &nbsp;utiliza cookies propias y de &nbsp;terceros para &nbsp;fines&nbsp; anal\u00edticos y para &nbsp;mostrarle publicidad personalizada en &nbsp;base a &nbsp;un&nbsp; perfil elaborado a &nbsp;partir&nbsp; de &nbsp;sus &nbsp;h\u00e1bitos de &nbsp;navegaci\u00f3n (por ejemplo, p\u00e1ginas visitadas). A todo usuario que visita la web se le informa del uso &nbsp;de estas cookies mediante un banner flotante. &nbsp;En el caso de&nbsp; aceptar su&nbsp; uso, &nbsp;el banner desaparecer\u00e1, aunque en&nbsp; todo&nbsp; momento podr\u00e1 &nbsp;revocar el consentimiento y obtener m\u00e1s &nbsp;informaci\u00f3n &nbsp;consultando nuestra Pol\u00edtica de cookies.<\/p>\n\n\n\n<p>El usuario tiene &nbsp;la posibilidad &nbsp;de configurar &nbsp;su navegador para &nbsp;ser &nbsp;alertado de la recepci\u00f3n de cookies y para &nbsp;impedir su instalaci\u00f3n en su equipo. &nbsp;Por favor, consulte las instrucciones de su navegador para ampliar esta informaci\u00f3n.<\/p>\n\n\n\n<p><strong>Pol\u00edtica <\/strong><strong>de enlaces<\/strong><\/p>\n\n\n\n<p>Desde el sitio web, &nbsp;es posible &nbsp;que &nbsp;se redirija &nbsp;a&nbsp; contenidos de &nbsp;terceros sitios &nbsp;web. &nbsp;Dado &nbsp;que &nbsp;el RESPONSABLE&nbsp; no &nbsp;puede controlar &nbsp;siempre los &nbsp;contenidos &nbsp;introducidos por &nbsp;terceros en &nbsp;sus respectivos sitios web, no asume ning\u00fan &nbsp;tipo de responsabilidad respecto a dichos &nbsp;contenidos. En todo<\/p>\n\n\n\n<p>caso, proceder\u00e1 a la retirada inmediata de cualquier contenido que &nbsp;pudiera contravenir la legislaci\u00f3n nacional o internacional, la moral &nbsp;o el orden &nbsp;p\u00fablico, &nbsp;procediendo a&nbsp; la retirada inmediata de &nbsp;la redirecci\u00f3n a dicho sitio web, &nbsp;poniendo en conocimiento de las autoridades competentes el contenido en cuesti\u00f3n.<\/p>\n\n\n\n<p>El RESPONSABLE no se hace responsable de &nbsp;la informaci\u00f3n &nbsp;y contenidos almacenados, a t\u00edtulo enunciativo pero &nbsp;no limitativo, en &nbsp;foros, &nbsp;chats, generadores de &nbsp;blogs, &nbsp;comentarios, redes sociales o cualquier otro medio &nbsp;que &nbsp;permita &nbsp;a terceros publicar &nbsp;contenidos de forma independiente en la p\u00e1gina web del RESPONSABLE. Sin embargo, y en cumplimiento de lo dispuesto en los art\u00edculos 11 y 16 de la&nbsp; LSSICE, &nbsp;se pone &nbsp;a &nbsp;disposici\u00f3n de &nbsp;todos &nbsp;los &nbsp;usuarios, autoridades y fuerzas de &nbsp;seguridad, colaborando de forma activa &nbsp;en la retirada o, en su caso, bloqueo de todos &nbsp;aquellos contenidos que puedan afectar o contravenir la legislaci\u00f3n nacional o internacional, los derechos de terceros o la moral y el orden &nbsp;p\u00fablico. En caso de que&nbsp; el usuario considere que&nbsp; existe &nbsp;en el sitio web alg\u00fan &nbsp;contenido que pudiera ser &nbsp;susceptible de esta clasificaci\u00f3n, se ruega lo notifique de forma inmediata al administrador del sitio web.<\/p>\n\n\n\n<p>Este &nbsp;sitio web &nbsp;se ha &nbsp;revisado y probado para &nbsp;que &nbsp;funcione &nbsp;correctamente. En&nbsp; principio, &nbsp;puede garantizarse el correcto funcionamiento los&nbsp; 365 &nbsp;d\u00edas &nbsp;del &nbsp;a\u00f1o, &nbsp;24 &nbsp;horas al d\u00eda. &nbsp;Sin&nbsp; embargo, el RESPONSABLE no descarta la posibilidad &nbsp;de&nbsp; que &nbsp;existan ciertos &nbsp;errores de&nbsp; programaci\u00f3n, o que acontezcan causas de fuerza &nbsp;mayor, &nbsp;cat\u00e1strofes naturales, huelgas o circunstancias semejantes que hagan imposible &nbsp;el acceso a la p\u00e1gina web.<\/p>\n\n\n\n<p><strong>Direcciones <\/strong><strong>IP<\/strong><\/p>\n\n\n\n<p>Los servidores del sitio web &nbsp;podr\u00e1n detectar de &nbsp;manera autom\u00e1tica la direcci\u00f3n &nbsp;IP y el nombre de dominio&nbsp; utilizados &nbsp;por el usuario. Una&nbsp; direcci\u00f3n &nbsp;IP es un n\u00famero asignado autom\u00e1ticamente a un ordenador cuando este se conecta a Internet. Toda &nbsp;esta informaci\u00f3n &nbsp;se registra en &nbsp;un fichero &nbsp;de actividad &nbsp;del servidor &nbsp;debidamente inscrito que &nbsp;permite &nbsp;el posterior procesamiento de los datos con el fin de obtener mediciones \u00fanicamente estad\u00edsticas que &nbsp;permitan conocer el n\u00famero de impresiones de p\u00e1ginas, el n\u00famero de visitas &nbsp;realizadas a los servidores web, el orden &nbsp;de visitas, &nbsp;el punto &nbsp;de acceso, etc.<\/p>\n\n\n\n<p><strong>4. LEY APLICABLE Y JURISDICCI\u00d3N<\/strong><\/p>\n\n\n\n<p>Para la resoluci\u00f3n de todas las controversias o cuestiones relacionadas con el presente sitio web o de las &nbsp;actividades en &nbsp;\u00e9l desarrolladas, ser\u00e1 de &nbsp;aplicaci\u00f3n la legislaci\u00f3n espa\u00f1ola, a la que &nbsp;se someten expresamente las &nbsp;partes, siendo competentes para &nbsp;la resoluci\u00f3n de&nbsp; todos &nbsp;los conflictos &nbsp;derivados o relacionados con &nbsp;su &nbsp;uso &nbsp;los &nbsp;Juzgados y Tribunales del &nbsp;domicilio del &nbsp;USUARIO &nbsp;o, &nbsp;el&nbsp; lugar &nbsp;del cumplimiento de la obligaci\u00f3n.<\/p>\n","protected":false},"excerpt":{"rendered":"<p>LEY DE LOS SERVICIOS DE LA SOCIEDAD DE LA INFORMACI\u00d3N (LSSI) Juan Carlos Llorca Estarelles responsable del sitio web, en adelante \u00a0RESPONSABLE, pone \u00a0a disposici\u00f3n de \u00a0los\u00a0 usuarios el presente documento, con \u00a0el que \u00a0pretende dar \u00a0cumplimiento a \u00a0las obligaciones dispuestas \u00a0en \u00a0la\u00a0 Ley 34\/2002, de \u00a011 \u00a0de \u00a0julio, de \u00a0Servicios de \u00a0la\u00a0 Sociedad de [&hellip;]<\/p>\n","protected":false},"author":1,"featured_media":0,"parent":0,"menu_order":0,"comment_status":"closed","ping_status":"closed","template":"","meta":{"_et_pb_use_builder":"off","_et_pb_old_content":"","_et_gb_content_width":"","footnotes":""},"class_list":["post-102","page","type-page","status-publish","hentry"],"yoast_head":"<!-- This site is optimized with the Yoast SEO plugin v25.6 - https:\/\/yoast.com\/wordpress\/plugins\/seo\/ -->\n<title>Aviso Legal - Claus el Sabater<\/title>\n<meta name=\"robots\" content=\"index, follow, max-snippet:-1, max-image-preview:large, max-video-preview:-1\" \/>\n<link rel=\"canonical\" href=\"https:\/\/clauselsabater.com\/inicio\/48-2\/aviso-legal\/\" \/>\n<meta property=\"og:locale\" content=\"es_ES\" \/>\n<meta property=\"og:type\" content=\"article\" \/>\n<meta property=\"og:title\" content=\"Aviso Legal - Claus el Sabater\" \/>\n<meta property=\"og:description\" content=\"LEY DE LOS SERVICIOS DE LA SOCIEDAD DE LA INFORMACI\u00d3N (LSSI) Juan Carlos Llorca Estarelles responsable del sitio web, en adelante \u00a0RESPONSABLE, pone \u00a0a disposici\u00f3n de \u00a0los\u00a0 usuarios el presente documento, con \u00a0el que \u00a0pretende dar \u00a0cumplimiento a \u00a0las obligaciones dispuestas \u00a0en \u00a0la\u00a0 Ley 34\/2002, de \u00a011 \u00a0de \u00a0julio, de \u00a0Servicios de \u00a0la\u00a0 Sociedad de [&hellip;]\" \/>\n<meta property=\"og:url\" content=\"https:\/\/clauselsabater.com\/inicio\/48-2\/aviso-legal\/\" \/>\n<meta property=\"og:site_name\" content=\"Claus el Sabater\" \/>\n<meta property=\"article:modified_time\" content=\"2024-04-17T09:15:22+00:00\" \/>\n<meta name=\"twitter:card\" content=\"summary_large_image\" \/>\n<meta name=\"twitter:label1\" content=\"Tiempo de lectura\" \/>\n\t<meta name=\"twitter:data1\" content=\"8 minutos\" \/>\n<script type=\"application\/ld+json\" class=\"yoast-schema-graph\">{\"@context\":\"https:\/\/schema.org\",\"@graph\":[{\"@type\":\"WebPage\",\"@id\":\"https:\/\/clauselsabater.com\/inicio\/48-2\/aviso-legal\/\",\"url\":\"https:\/\/clauselsabater.com\/inicio\/48-2\/aviso-legal\/\",\"name\":\"Aviso Legal - Claus el Sabater\",\"isPartOf\":{\"@id\":\"https:\/\/clauselsabater.com\/inicio\/48-2\/#website\"},\"datePublished\":\"2024-04-16T10:11:08+00:00\",\"dateModified\":\"2024-04-17T09:15:22+00:00\",\"breadcrumb\":{\"@id\":\"https:\/\/clauselsabater.com\/inicio\/48-2\/aviso-legal\/#breadcrumb\"},\"inLanguage\":\"es\",\"potentialAction\":[{\"@type\":\"ReadAction\",\"target\":[\"https:\/\/clauselsabater.com\/inicio\/48-2\/aviso-legal\/\"]}]},{\"@type\":\"BreadcrumbList\",\"@id\":\"https:\/\/clauselsabater.com\/inicio\/48-2\/aviso-legal\/#breadcrumb\",\"itemListElement\":[{\"@type\":\"ListItem\",\"position\":1,\"name\":\"Portada\",\"item\":\"https:\/\/clauselsabater.com\/inicio\/48-2\/\"},{\"@type\":\"ListItem\",\"position\":2,\"name\":\"Aviso Legal\"}]},{\"@type\":\"WebSite\",\"@id\":\"https:\/\/clauselsabater.com\/inicio\/48-2\/#website\",\"url\":\"https:\/\/clauselsabater.com\/inicio\/48-2\/\",\"name\":\"Claus el Sabater\",\"description\":\"Tu zapatero y copia de llaves en Almussafes.\",\"potentialAction\":[{\"@type\":\"SearchAction\",\"target\":{\"@type\":\"EntryPoint\",\"urlTemplate\":\"https:\/\/clauselsabater.com\/inicio\/48-2\/?s={search_term_string}\"},\"query-input\":{\"@type\":\"PropertyValueSpecification\",\"valueRequired\":true,\"valueName\":\"search_term_string\"}}],\"inLanguage\":\"es\"}]}<\/script>\n<!-- \/ Yoast SEO plugin. -->","yoast_head_json":{"title":"Aviso Legal - Claus el Sabater","robots":{"index":"index","follow":"follow","max-snippet":"max-snippet:-1","max-image-preview":"max-image-preview:large","max-video-preview":"max-video-preview:-1"},"canonical":"https:\/\/clauselsabater.com\/inicio\/48-2\/aviso-legal\/","og_locale":"es_ES","og_type":"article","og_title":"Aviso Legal - Claus el Sabater","og_description":"LEY DE LOS SERVICIOS DE LA SOCIEDAD DE LA INFORMACI\u00d3N (LSSI) Juan Carlos Llorca Estarelles responsable del sitio web, en adelante \u00a0RESPONSABLE, pone \u00a0a disposici\u00f3n de \u00a0los\u00a0 usuarios el presente documento, con \u00a0el que \u00a0pretende dar \u00a0cumplimiento a \u00a0las obligaciones dispuestas \u00a0en \u00a0la\u00a0 Ley 34\/2002, de \u00a011 \u00a0de \u00a0julio, de \u00a0Servicios de \u00a0la\u00a0 Sociedad de [&hellip;]","og_url":"https:\/\/clauselsabater.com\/inicio\/48-2\/aviso-legal\/","og_site_name":"Claus el Sabater","article_modified_time":"2024-04-17T09:15:22+00:00","twitter_card":"summary_large_image","twitter_misc":{"Tiempo de lectura":"8 minutos"},"schema":{"@context":"https:\/\/schema.org","@graph":[{"@type":"WebPage","@id":"https:\/\/clauselsabater.com\/inicio\/48-2\/aviso-legal\/","url":"https:\/\/clauselsabater.com\/inicio\/48-2\/aviso-legal\/","name":"Aviso Legal - Claus el Sabater","isPartOf":{"@id":"https:\/\/clauselsabater.com\/inicio\/48-2\/#website"},"datePublished":"2024-04-16T10:11:08+00:00","dateModified":"2024-04-17T09:15:22+00:00","breadcrumb":{"@id":"https:\/\/clauselsabater.com\/inicio\/48-2\/aviso-legal\/#breadcrumb"},"inLanguage":"es","potentialAction":[{"@type":"ReadAction","target":["https:\/\/clauselsabater.com\/inicio\/48-2\/aviso-legal\/"]}]},{"@type":"BreadcrumbList","@id":"https:\/\/clauselsabater.com\/inicio\/48-2\/aviso-legal\/#breadcrumb","itemListElement":[{"@type":"ListItem","position":1,"name":"Portada","item":"https:\/\/clauselsabater.com\/inicio\/48-2\/"},{"@type":"ListItem","position":2,"name":"Aviso Legal"}]},{"@type":"WebSite","@id":"https:\/\/clauselsabater.com\/inicio\/48-2\/#website","url":"https:\/\/clauselsabater.com\/inicio\/48-2\/","name":"Claus el Sabater","description":"Tu zapatero y copia de llaves en Almussafes.","potentialAction":[{"@type":"SearchAction","target":{"@type":"EntryPoint","urlTemplate":"https:\/\/clauselsabater.com\/inicio\/48-2\/?s={search_term_string}"},"query-input":{"@type":"PropertyValueSpecification","valueRequired":true,"valueName":"search_term_string"}}],"inLanguage":"es"}]}},"_links":{"self":[{"href":"https:\/\/clauselsabater.com\/inicio\/48-2\/wp-json\/wp\/v2\/pages\/102","targetHints":{"allow":["GET"]}}],"collection":[{"href":"https:\/\/clauselsabater.com\/inicio\/48-2\/wp-json\/wp\/v2\/pages"}],"about":[{"href":"https:\/\/clauselsabater.com\/inicio\/48-2\/wp-json\/wp\/v2\/types\/page"}],"author":[{"embeddable":true,"href":"https:\/\/clauselsabater.com\/inicio\/48-2\/wp-json\/wp\/v2\/users\/1"}],"replies":[{"embeddable":true,"href":"https:\/\/clauselsabater.com\/inicio\/48-2\/wp-json\/wp\/v2\/comments?post=102"}],"version-history":[{"count":2,"href":"https:\/\/clauselsabater.com\/inicio\/48-2\/wp-json\/wp\/v2\/pages\/102\/revisions"}],"predecessor-version":[{"id":177,"href":"https:\/\/clauselsabater.com\/inicio\/48-2\/wp-json\/wp\/v2\/pages\/102\/revisions\/177"}],"wp:attachment":[{"href":"https:\/\/clauselsabater.com\/inicio\/48-2\/wp-json\/wp\/v2\/media?parent=102"}],"curies":[{"name":"wp","href":"https:\/\/api.w.org\/{rel}","templated":true}]}}