{"id":104,"date":"2024-04-16T12:12:17","date_gmt":"2024-04-16T10:12:17","guid":{"rendered":"https:\/\/clauselsabater.com\/inicio\/48-2\/?page_id=104"},"modified":"2024-04-17T11:17:56","modified_gmt":"2024-04-17T09:17:56","slug":"politica-de-privacidad","status":"publish","type":"page","link":"https:\/\/clauselsabater.com\/inicio\/48-2\/politica-de-privacidad\/","title":{"rendered":"Pol\u00edtica de Privacidad"},"content":{"rendered":"\n<p><strong>1. INFORMACI\u00d3N AL USUARIO<\/strong><\/p>\n\n\n\n<p><strong>\u00bfQui\u00e9n es <\/strong><strong>el responsable del tratamiento de tus datos personales?<\/strong><\/p>\n\n\n\n<p><strong>Juan Carlos Llorca Estarelles <\/strong>es el RESPONSABLE del tratamiento de los datos personales del USUARIO y le informa de que \u00a0estos datos ser\u00e1n tratados de conformidad con lo dispuesto en el Reglamento (UE) 2016\/679, de 27 de abril (GDPR), \u00a0y la Ley Org\u00e1nica 3\/2018, de 5 de diciembre (LOPDGDD).<\/p>\n\n\n\n<p><strong>\u00bfPara qu\u00e9 tratamos tus datos personales y por qu\u00e9 lo hacemos?<\/strong><\/p>\n\n\n\n<p>Seg\u00fan el formulario &nbsp;donde hayamos obtenido sus &nbsp;datos personales, los&nbsp; trataremos de &nbsp;manera confidencial &nbsp;para alcanzar los siguientes fines:<\/p>\n\n\n\n<p>En el formulario <strong>Contacto<\/strong><\/p>\n\n\n\n<p><img loading=\"lazy\" decoding=\"async\" width=\"6\" height=\"6\" src=\"\">Dar respuesta a las consultas o cualquier tipo de petici\u00f3n que &nbsp;sea realizada por el usuario a trav\u00e9s de cualquiera de las formas de contacto que &nbsp;se ponen a su disposici\u00f3n en la p\u00e1gina web &nbsp;del responsable.<\/p>\n\n\n\n<p>(por el inter\u00e9s &nbsp;leg\u00edtimo del responsable, art. 6.1.f GDPR)<\/p>\n\n\n\n<p><img loading=\"lazy\" decoding=\"async\" width=\"6\" height=\"6\" src=\"\">Realizar an\u00e1lisis estad\u00edsticos y estudios de mercado. (por el inter\u00e9s &nbsp;leg\u00edtimo del responsable, art. 6.1.f GDPR)<\/p>\n\n\n\n<p><strong>\u00bfDurante cu\u00e1nto tiempo guardaremos <\/strong><strong>tus datos personales?<\/strong><\/p>\n\n\n\n<p>Se &nbsp;conservar\u00e1n durante no m\u00e1s &nbsp;tiempo &nbsp;del necesario para &nbsp;mantener el fin del tratamiento o existan prescripciones legales que &nbsp;dictaminen su custodia y cuando ya no sea necesario para &nbsp;ello, se suprimir\u00e1n con medidas de seguridad adecuadas para &nbsp;garantizar la anonimizaci\u00f3n de los datos o la destrucci\u00f3n total de los mismos.<\/p>\n\n\n\n<p><strong>\u00bfA qui\u00e9n &nbsp;facilitamos sus datos personales?<\/strong><\/p>\n\n\n\n<p>No est\u00e1 prevista ninguna comunicaci\u00f3n de datos personales a terceros salvo, &nbsp;si fuese necesario para &nbsp;el desarrollo y ejecuci\u00f3n de las finalidades del tratamiento, a nuestros proveedores de servicios relacionados con comunicaciones, con los cuales el RESPONSABLE tiene &nbsp;suscritos los contratos de confidencialidad y de encargado de tratamiento exigidos por la normativa vigente &nbsp;de privacidad.<\/p>\n\n\n\n<p><strong>\u00bfCu\u00e1les son <\/strong><strong>tus derechos?<\/strong><\/p>\n\n\n\n<p>Los derechos que asisten al USUARIO son:<\/p>\n\n\n\n<p><img loading=\"lazy\" decoding=\"async\" width=\"6\" height=\"5\" src=\"\">Derecho a retirar el consentimiento en cualquier momento.<\/p>\n\n\n\n<p><img loading=\"lazy\" decoding=\"async\" width=\"6\" height=\"5\" src=\"\">Derecho de &nbsp;acceso, &nbsp;rectificaci\u00f3n, portabilidad y supresi\u00f3n de &nbsp;sus &nbsp;datos, y de &nbsp;limitaci\u00f3n u oposici\u00f3n a &nbsp;su tratamiento.<\/p>\n\n\n\n<p><img loading=\"lazy\" decoding=\"async\" width=\"6\" height=\"5\" src=\"\">Derecho a presentar una reclamaci\u00f3n ante &nbsp;la autoridad de control <a href=\"https:\/\/www.aepd.es\">(www.aepd.es) si considera que el tratamiento no se ajusta a la normativa vigente.<\/a><\/p>\n\n\n\n<p><strong>Datos <\/strong><strong>de contacto para ejercer &nbsp;sus derechos<\/strong>:<\/p>\n\n\n\n<p>Juan Carlos Llorca Estarelles <\/p>\n\n\n\n<p>C\/Llauradors 14&nbsp;&nbsp; Almussafes 46440 (VALENCIA) Tel\u00e9fono: 687 54 14 93<\/p>\n\n\n\n<p>E-mail: info@clauselsabater.com<\/p>\n\n\n\n<p><strong>2<\/strong><strong>. CAR\u00c1CTER OBLIGATORIO O FACULTATIVO DE LA INFORMACI\u00d3N&nbsp; FACILITADA POR EL USUARIO<\/strong><\/p>\n\n\n\n<p>Los USUARIOS, mediante la marcaci\u00f3n de las casillas correspondientes y la entrada de datos en los campos, marcados con un asterisco (*) en el formulario de contacto o presentados en formularios &nbsp;de descarga, aceptan expresamente y de forma &nbsp;libre e &nbsp;inequ\u00edvoca, que &nbsp;sus &nbsp;datos son &nbsp;necesarios para &nbsp;atender su &nbsp;petici\u00f3n, &nbsp;por&nbsp; parte &nbsp;del &nbsp;prestador, siendo voluntaria &nbsp;la inclusi\u00f3n &nbsp;de datos en los campos restantes. El USUARIO garantiza que &nbsp;los datos personales facilitados &nbsp;al RESPONSABLE son&nbsp; veraces y se hace responsable de comunicar cualquier modificaci\u00f3n &nbsp;de los mismos.<\/p>\n\n\n\n<p>El RESPONSABLE informa &nbsp;de &nbsp;que &nbsp;todos &nbsp;los datos solicitados a trav\u00e9s del sitio web &nbsp;son &nbsp;obligatorios, ya que &nbsp;son necesarios para &nbsp;la prestaci\u00f3n de un servicio &nbsp;\u00f3ptimo al USUARIO. En caso de que &nbsp;no se faciliten todos &nbsp;los datos, no se garantiza que la informaci\u00f3n &nbsp;y servicios facilitados &nbsp;sean completamente ajustados a sus &nbsp;necesidades.<\/p>\n\n\n\n<p><strong>3. MEDIDAS DE SEGURIDAD<\/strong><\/p>\n\n\n\n<p>Que de conformidad con lo dispuesto en las normativas vigentes en protecci\u00f3n de datos personales, el RESPONSABLE est\u00e1 cumpliendo con &nbsp;todas las &nbsp;disposiciones de &nbsp;las &nbsp;normativas GDPR &nbsp;y LOPDGDD para &nbsp;el tratamiento de &nbsp;los datos personales de&nbsp; su&nbsp; responsabilidad, y manifiestamente con&nbsp; los principios &nbsp;descritos en&nbsp; el art\u00edculo &nbsp;5 del GDPR, &nbsp;por los cuales son &nbsp;tratados de &nbsp;manera l\u00edcita, leal y transparente en &nbsp;relaci\u00f3n &nbsp;con &nbsp;el interesado y adecuados, pertinentes y limitados&nbsp; a lo necesario en relaci\u00f3n &nbsp;con los fines para &nbsp;los que son&nbsp; tratados.<\/p>\n\n\n\n<p>El RESPONSABLE garantiza &nbsp;que &nbsp;ha &nbsp;implementado pol\u00edticas &nbsp;t\u00e9cnicas y organizativas apropiadas para &nbsp;aplicar &nbsp;las medidas de seguridad que &nbsp;establecen el GDPR &nbsp;y la LOPDGDD con el fin de proteger los derechos y libertades de los USUARIOS y les ha comunicado la informaci\u00f3n &nbsp;adecuada para &nbsp;que puedan ejercerlos.<\/p>\n\n\n\n<p>Para m\u00e1s \u00a0informaci\u00f3n \u00a0sobre las garant\u00edas de privacidad, puedes dirigirte al RESPONSABLE a trav\u00e9s de <\/p>\n\n\n\n<p>Juan Carlos Llorca Estarelles <\/p>\n\n\n\n<p>C\/Llauradors 14&nbsp;&nbsp; Almussafes 46440 (VALENCIA) Tel\u00e9fono: 687 54 14 93<\/p>\n\n\n\n<p>E-mail: info@clauselsabater.com<\/p>\n","protected":false},"excerpt":{"rendered":"<p>1. INFORMACI\u00d3N AL USUARIO \u00bfQui\u00e9n es el responsable del tratamiento de tus datos personales? Juan Carlos Llorca Estarelles es el RESPONSABLE del tratamiento de los datos personales del USUARIO y le informa de que \u00a0estos datos ser\u00e1n tratados de conformidad con lo dispuesto en el Reglamento (UE) 2016\/679, de 27 de abril (GDPR), \u00a0y la [&hellip;]<\/p>\n","protected":false},"author":1,"featured_media":0,"parent":0,"menu_order":0,"comment_status":"closed","ping_status":"closed","template":"","meta":{"_et_pb_use_builder":"off","_et_pb_old_content":"","_et_gb_content_width":"","footnotes":""},"class_list":["post-104","page","type-page","status-publish","hentry"],"yoast_head":"<!-- This site is optimized with the Yoast SEO plugin v25.6 - https:\/\/yoast.com\/wordpress\/plugins\/seo\/ -->\n<title>Pol\u00edtica de Privacidad - Claus el Sabater<\/title>\n<meta name=\"robots\" content=\"index, follow, max-snippet:-1, max-image-preview:large, max-video-preview:-1\" \/>\n<link rel=\"canonical\" href=\"https:\/\/clauselsabater.com\/inicio\/48-2\/politica-de-privacidad\/\" \/>\n<meta property=\"og:locale\" content=\"es_ES\" \/>\n<meta property=\"og:type\" content=\"article\" \/>\n<meta property=\"og:title\" content=\"Pol\u00edtica de Privacidad - Claus el Sabater\" \/>\n<meta property=\"og:description\" content=\"1. INFORMACI\u00d3N AL USUARIO \u00bfQui\u00e9n es el responsable del tratamiento de tus datos personales? Juan Carlos Llorca Estarelles es el RESPONSABLE del tratamiento de los datos personales del USUARIO y le informa de que \u00a0estos datos ser\u00e1n tratados de conformidad con lo dispuesto en el Reglamento (UE) 2016\/679, de 27 de abril (GDPR), \u00a0y la [&hellip;]\" \/>\n<meta property=\"og:url\" content=\"https:\/\/clauselsabater.com\/inicio\/48-2\/politica-de-privacidad\/\" \/>\n<meta property=\"og:site_name\" content=\"Claus el Sabater\" \/>\n<meta property=\"article:modified_time\" content=\"2024-04-17T09:17:56+00:00\" \/>\n<meta name=\"twitter:card\" content=\"summary_large_image\" \/>\n<meta name=\"twitter:label1\" content=\"Tiempo de lectura\" \/>\n\t<meta name=\"twitter:data1\" content=\"4 minutos\" \/>\n<script type=\"application\/ld+json\" class=\"yoast-schema-graph\">{\"@context\":\"https:\/\/schema.org\",\"@graph\":[{\"@type\":\"WebPage\",\"@id\":\"https:\/\/clauselsabater.com\/inicio\/48-2\/politica-de-privacidad\/\",\"url\":\"https:\/\/clauselsabater.com\/inicio\/48-2\/politica-de-privacidad\/\",\"name\":\"Pol\u00edtica de Privacidad - Claus el Sabater\",\"isPartOf\":{\"@id\":\"https:\/\/clauselsabater.com\/inicio\/48-2\/#website\"},\"datePublished\":\"2024-04-16T10:12:17+00:00\",\"dateModified\":\"2024-04-17T09:17:56+00:00\",\"breadcrumb\":{\"@id\":\"https:\/\/clauselsabater.com\/inicio\/48-2\/politica-de-privacidad\/#breadcrumb\"},\"inLanguage\":\"es\",\"potentialAction\":[{\"@type\":\"ReadAction\",\"target\":[\"https:\/\/clauselsabater.com\/inicio\/48-2\/politica-de-privacidad\/\"]}]},{\"@type\":\"BreadcrumbList\",\"@id\":\"https:\/\/clauselsabater.com\/inicio\/48-2\/politica-de-privacidad\/#breadcrumb\",\"itemListElement\":[{\"@type\":\"ListItem\",\"position\":1,\"name\":\"Portada\",\"item\":\"https:\/\/clauselsabater.com\/inicio\/48-2\/\"},{\"@type\":\"ListItem\",\"position\":2,\"name\":\"Pol\u00edtica de Privacidad\"}]},{\"@type\":\"WebSite\",\"@id\":\"https:\/\/clauselsabater.com\/inicio\/48-2\/#website\",\"url\":\"https:\/\/clauselsabater.com\/inicio\/48-2\/\",\"name\":\"Claus el Sabater\",\"description\":\"Tu zapatero y copia de llaves en Almussafes.\",\"potentialAction\":[{\"@type\":\"SearchAction\",\"target\":{\"@type\":\"EntryPoint\",\"urlTemplate\":\"https:\/\/clauselsabater.com\/inicio\/48-2\/?s={search_term_string}\"},\"query-input\":{\"@type\":\"PropertyValueSpecification\",\"valueRequired\":true,\"valueName\":\"search_term_string\"}}],\"inLanguage\":\"es\"}]}<\/script>\n<!-- \/ Yoast SEO plugin. -->","yoast_head_json":{"title":"Pol\u00edtica de Privacidad - Claus el Sabater","robots":{"index":"index","follow":"follow","max-snippet":"max-snippet:-1","max-image-preview":"max-image-preview:large","max-video-preview":"max-video-preview:-1"},"canonical":"https:\/\/clauselsabater.com\/inicio\/48-2\/politica-de-privacidad\/","og_locale":"es_ES","og_type":"article","og_title":"Pol\u00edtica de Privacidad - Claus el Sabater","og_description":"1. INFORMACI\u00d3N AL USUARIO \u00bfQui\u00e9n es el responsable del tratamiento de tus datos personales? Juan Carlos Llorca Estarelles es el RESPONSABLE del tratamiento de los datos personales del USUARIO y le informa de que \u00a0estos datos ser\u00e1n tratados de conformidad con lo dispuesto en el Reglamento (UE) 2016\/679, de 27 de abril (GDPR), \u00a0y la [&hellip;]","og_url":"https:\/\/clauselsabater.com\/inicio\/48-2\/politica-de-privacidad\/","og_site_name":"Claus el Sabater","article_modified_time":"2024-04-17T09:17:56+00:00","twitter_card":"summary_large_image","twitter_misc":{"Tiempo de lectura":"4 minutos"},"schema":{"@context":"https:\/\/schema.org","@graph":[{"@type":"WebPage","@id":"https:\/\/clauselsabater.com\/inicio\/48-2\/politica-de-privacidad\/","url":"https:\/\/clauselsabater.com\/inicio\/48-2\/politica-de-privacidad\/","name":"Pol\u00edtica de Privacidad - Claus el Sabater","isPartOf":{"@id":"https:\/\/clauselsabater.com\/inicio\/48-2\/#website"},"datePublished":"2024-04-16T10:12:17+00:00","dateModified":"2024-04-17T09:17:56+00:00","breadcrumb":{"@id":"https:\/\/clauselsabater.com\/inicio\/48-2\/politica-de-privacidad\/#breadcrumb"},"inLanguage":"es","potentialAction":[{"@type":"ReadAction","target":["https:\/\/clauselsabater.com\/inicio\/48-2\/politica-de-privacidad\/"]}]},{"@type":"BreadcrumbList","@id":"https:\/\/clauselsabater.com\/inicio\/48-2\/politica-de-privacidad\/#breadcrumb","itemListElement":[{"@type":"ListItem","position":1,"name":"Portada","item":"https:\/\/clauselsabater.com\/inicio\/48-2\/"},{"@type":"ListItem","position":2,"name":"Pol\u00edtica de Privacidad"}]},{"@type":"WebSite","@id":"https:\/\/clauselsabater.com\/inicio\/48-2\/#website","url":"https:\/\/clauselsabater.com\/inicio\/48-2\/","name":"Claus el Sabater","description":"Tu zapatero y copia de llaves en Almussafes.","potentialAction":[{"@type":"SearchAction","target":{"@type":"EntryPoint","urlTemplate":"https:\/\/clauselsabater.com\/inicio\/48-2\/?s={search_term_string}"},"query-input":{"@type":"PropertyValueSpecification","valueRequired":true,"valueName":"search_term_string"}}],"inLanguage":"es"}]}},"_links":{"self":[{"href":"https:\/\/clauselsabater.com\/inicio\/48-2\/wp-json\/wp\/v2\/pages\/104","targetHints":{"allow":["GET"]}}],"collection":[{"href":"https:\/\/clauselsabater.com\/inicio\/48-2\/wp-json\/wp\/v2\/pages"}],"about":[{"href":"https:\/\/clauselsabater.com\/inicio\/48-2\/wp-json\/wp\/v2\/types\/page"}],"author":[{"embeddable":true,"href":"https:\/\/clauselsabater.com\/inicio\/48-2\/wp-json\/wp\/v2\/users\/1"}],"replies":[{"embeddable":true,"href":"https:\/\/clauselsabater.com\/inicio\/48-2\/wp-json\/wp\/v2\/comments?post=104"}],"version-history":[{"count":2,"href":"https:\/\/clauselsabater.com\/inicio\/48-2\/wp-json\/wp\/v2\/pages\/104\/revisions"}],"predecessor-version":[{"id":179,"href":"https:\/\/clauselsabater.com\/inicio\/48-2\/wp-json\/wp\/v2\/pages\/104\/revisions\/179"}],"wp:attachment":[{"href":"https:\/\/clauselsabater.com\/inicio\/48-2\/wp-json\/wp\/v2\/media?parent=104"}],"curies":[{"name":"wp","href":"https:\/\/api.w.org\/{rel}","templated":true}]}}