{"id":120,"date":"2024-04-16T13:28:29","date_gmt":"2024-04-16T11:28:29","guid":{"rendered":"https:\/\/clauselsabater.com\/inicio\/48-2\/?page_id=120"},"modified":"2024-04-18T07:06:40","modified_gmt":"2024-04-18T05:06:40","slug":"empresa","status":"publish","type":"page","link":"https:\/\/clauselsabater.com\/inicio\/48-2\/empresa\/","title":{"rendered":"Empresa"},"content":{"rendered":"\n[et_pb_section fb_built=\u00bb1&#8243; custom_padding_last_edited=\u00bbon|desktop\u00bb admin_label=\u00bbHeader\u00bb _builder_version=\u00bb4.24.3&#8243; _module_preset=\u00bbdefault\u00bb background_color=\u00bbgcid-f53bea2f-11b6-47b2-a970-343c85385294&#8243; use_background_color_gradient=\u00bbon\u00bb background_color_gradient_stops=\u00bbrgba(0,0,0,0) 12%|gcid-f53bea2f-11b6-47b2-a970-343c85385294 100%\u00bb background_color_gradient_overlays_image=\u00bbon\u00bb background_image=\u00bbhttps:\/\/clauselsabater.com\/wp-content\/uploads\/2024\/04\/TOLDO-scaled.jpg\u00bb custom_padding=\u00bb16vw||2px||false|false\u00bb custom_padding_tablet=\u00bb30px||0px||false|false\u00bb custom_padding_phone=\u00bb30px||0px||false|false\u00bb collapsed=\u00bbon\u00bb global_colors_info=\u00bb{%22gcid-f53bea2f-11b6-47b2-a970-343c85385294%22:%91%22background_color_gradient_stops%22,%22background_color%22%93}\u00bb][et_pb_row _builder_version=\u00bb4.18.0&#8243; _module_preset=\u00bbdefault\u00bb global_colors_info=\u00bb{}\u00bb][et_pb_column type=\u00bb4_4&#8243; _builder_version=\u00bb4.18.0&#8243; _module_preset=\u00bbdefault\u00bb global_colors_info=\u00bb{}\u00bb][et_pb_text _builder_version=\u00bb4.18.0&#8243; _module_preset=\u00bbc16985e1-e0d6-4022-964d-e2bfc04fa633&#8243; header_font=\u00bbCinzel|||on|||||\u00bb header_text_color=\u00bb#E7E2BC\u00bb header_font_size=\u00bb120px\u00bb header_line_height=\u00bb1.15em\u00bb custom_margin=\u00bb||||false|false\u00bb header_font_size_tablet=\u00bb46px\u00bb header_font_size_phone=\u00bb28px\u00bb header_font_size_last_edited=\u00bbon|tablet\u00bb global_colors_info=\u00bb{}\u00bb]<h1>EMPRESA<\/h1>[\/et_pb_text][\/et_pb_column][\/et_pb_row][\/et_pb_section][et_pb_section fb_built=\u00bb1&#8243; admin_label=\u00bbAbout\u00bb _builder_version=\u00bb4.18.0&#8243; _module_preset=\u00bbdefault\u00bb background_color=\u00bbgcid-f53bea2f-11b6-47b2-a970-343c85385294&#8243; custom_padding=\u00bb0px|||||\u00bb collapsed=\u00bbon\u00bb global_colors_info=\u00bb{%22gcid-f53bea2f-11b6-47b2-a970-343c85385294%22:%91%22background_color%22%93}\u00bb][et_pb_row column_structure=\u00bb1_2,1_2&#8243; _builder_version=\u00bb4.18.0&#8243; _module_preset=\u00bbdefault\u00bb global_colors_info=\u00bb{}\u00bb][et_pb_column type=\u00bb1_2&#8243; _builder_version=\u00bb4.18.0&#8243; _module_preset=\u00bbdefault\u00bb global_colors_info=\u00bb{}\u00bb][et_pb_image src=\u00bbhttps:\/\/clauselsabater.com\/wp-content\/uploads\/2024\/04\/carlos-llorca-scaled.jpg\u00bb title_text=\u00bbcarlos llorca\u00bb _builder_version=\u00bb4.24.3&#8243; _module_preset=\u00bbdefault\u00bb max_height_tablet=\u00bb300px\u00bb max_height_phone=\u00bb300px\u00bb max_height_last_edited=\u00bbon|tablet\u00bb global_colors_info=\u00bb{}\u00bb][\/et_pb_image][\/et_pb_column][et_pb_column type=\u00bb1_2&#8243; _builder_version=\u00bb4.18.0&#8243; _module_preset=\u00bbdefault\u00bb global_colors_info=\u00bb{}\u00bb][et_pb_text _builder_version=\u00bb4.18.0&#8243; _module_preset=\u00bb518880c8-46c7-4ffa-b5a6-93ffa99dcc17&#8243; text_font=\u00bbMarcellus||||||||\u00bb text_text_color=\u00bb#E7E2BC\u00bb text_font_size=\u00bb22px\u00bb text_line_height=\u00bb1.65em\u00bb text_font_size_tablet=\u00bb16px\u00bb text_font_size_phone=\u00bb14px\u00bb text_font_size_last_edited=\u00bbon|desktop\u00bb global_colors_info=\u00bb{}\u00bb]<div class=\"flex flex-grow flex-col max-w-full\">\n<div data-message-author-role=\"assistant\" data-message-id=\"41bb8a85-0d9b-42a3-bdda-35cea579537a\" dir=\"auto\" class=\"min-h-[20px] text-message flex flex-col items-start gap-3 whitespace-pre-wrap break-words [.text-message+&amp;]:mt-5 overflow-x-auto\">\n<div class=\"markdown prose w-full break-words dark:prose-invert dark\">\n<p>Carlos Llorca es un profesional destacado en el mundo de la zapater\u00eda y la seguridad. Graduado en T\u00e9cnica de Ortopedia por la Universidad de Barcelona, su experiencia y conocimientos en este campo respaldan su compromiso con la excelencia y la precisi\u00f3n en cada trabajo que realiza.<\/p>\n<p>Certificaci\u00f3n por Xkey Spain, S.L., lo ha llevado a expandir su experiencia hacia la seguridad de veh\u00edculos. Carlos ha obtenido un certificado en t\u00e9cnicas de soldadura aplicadas a la reparaci\u00f3n de mandos, demostrando as\u00ed su dedicaci\u00f3n para ofrecer soluciones integrales y de alta calidad a sus clientes.<\/p>\n<p>Con una combinaci\u00f3n \u00fanica de habilidades en ortopedia y seguridad, Carlos Llorca se posiciona como un profesional vers\u00e1til y confiable, capaz de abordar las necesidades tanto de cuidado del calzado como de seguridad de llaves con maestr\u00eda y precisi\u00f3n.<\/p>\n<\/div>\n<\/div>\n<\/div>[\/et_pb_text][\/et_pb_column][\/et_pb_row][\/et_pb_section][et_pb_section fb_built=\u00bb1&#8243; custom_padding_last_edited=\u00bboff|tablet\u00bb admin_label=\u00bbFeature\u00bb _builder_version=\u00bb4.24.3&#8243; _module_preset=\u00bbdefault\u00bb background_color=\u00bbgcid-f53bea2f-11b6-47b2-a970-343c85385294&#8243; use_background_color_gradient=\u00bbon\u00bb background_color_gradient_type=\u00bbelliptical\u00bb background_color_gradient_direction_radial=\u00bbright\u00bb background_color_gradient_stops=\u00bbrgba(0,0,0,0) 0%|gcid-f53bea2f-11b6-47b2-a970-343c85385294 80%\u00bb background_color_gradient_overlays_image=\u00bbon\u00bb background_image=\u00bbhttps:\/\/clauselsabater.com\/wp-content\/uploads\/2024\/04\/fnd_cinturones-scaled.jpg\u00bb custom_padding=\u00bb||1.3%||false|false\u00bb custom_padding_tablet=\u00bb||7%||false|false\u00bb collapsed=\u00bbon\u00bb global_colors_info=\u00bb{%22gcid-f53bea2f-11b6-47b2-a970-343c85385294%22:%91%22background_color%22,%22background_color_gradient_stops%22%93}\u00bb][et_pb_row _builder_version=\u00bb4.18.0&#8243; _module_preset=\u00bbdefault\u00bb global_colors_info=\u00bb{}\u00bb][et_pb_column type=\u00bb4_4&#8243; _builder_version=\u00bb4.18.0&#8243; _module_preset=\u00bbdefault\u00bb global_colors_info=\u00bb{}\u00bb][et_pb_text _builder_version=\u00bb4.18.0&#8243; _module_preset=\u00bbb327cbe4-b1d5-4b66-ad37-40c8f2f061ba\u00bb header_2_font=\u00bbItaliana||||||||\u00bb header_2_text_color=\u00bb#E7E2BC\u00bb header_2_font_size=\u00bb70px\u00bb header_2_line_height=\u00bb1.2em\u00bb text_orientation=\u00bbcenter\u00bb header_2_font_size_tablet=\u00bb32px\u00bb header_2_font_size_phone=\u00bb24px\u00bb header_2_font_size_last_edited=\u00bbon|tablet\u00bb locked=\u00bboff\u00bb global_colors_info=\u00bb{}\u00bb]<h2>De primera calidad<\/h2>[\/et_pb_text][\/et_pb_column][\/et_pb_row][et_pb_row column_structure=\u00bb1_2,1_2&#8243; _builder_version=\u00bb4.18.0&#8243; _module_preset=\u00bbdefault\u00bb global_colors_info=\u00bb{}\u00bb][et_pb_column type=\u00bb1_2&#8243; _builder_version=\u00bb4.18.0&#8243; _module_preset=\u00bbdefault\u00bb global_colors_info=\u00bb{}\u00bb][et_pb_text _builder_version=\u00bb4.18.0&#8243; _module_preset=\u00bb518880c8-46c7-4ffa-b5a6-93ffa99dcc17&#8243; text_font=\u00bbMarcellus||||||||\u00bb text_text_color=\u00bb#E7E2BC\u00bb text_font_size=\u00bb22px\u00bb text_line_height=\u00bb1.65em\u00bb text_font_size_tablet=\u00bb16px\u00bb text_font_size_phone=\u00bb14px\u00bb text_font_size_last_edited=\u00bbon|desktop\u00bb global_colors_info=\u00bb{}\u00bb]<p style=\"text-align: justify;\">En El Sabater, la calidad del cuero es nuestra firma distintiva.<\/p>\n<p style=\"text-align: justify;\">Cada pieza de cuero es seleccionada cuidadosamente por su textura, resistencia y belleza, garantizando as\u00ed que nuestros clientes disfruten de productos que no solo se ve excepcional, sino que tambi\u00e9n perdura a lo largo del tiempo, creando una experiencia \u00fanica de uso. Con un enfoque inquebrantable en la excelencia artesanal y los materiales de primera calidad, en El Sabater estamos dedicados a ofrecer productos que superen todas las expectativas.<\/p>[\/et_pb_text][et_pb_text _builder_version=\u00bb4.18.0&#8243; _module_preset=\u00bbb327cbe4-b1d5-4b66-ad37-40c8f2f061ba\u00bb header_2_font=\u00bbItaliana||||||||\u00bb header_2_text_color=\u00bb#A45137&#8243; header_2_font_size=\u00bb70px\u00bb header_2_line_height=\u00bb1.2em\u00bb background_color=\u00bbgcid-82d6c09a-d813-40a8-95b4-5069eeb5bf47&#8243; background_enable_pattern_style=\u00bbon\u00bb background_pattern_style=\u00bbscallops\u00bb background_pattern_color=\u00bbrgba(0,0,0,0.05)\u00bb background_pattern_size=\u00bbcustom\u00bb background_pattern_width=\u00bb25px\u00bb custom_margin=\u00bb|||-10vw|false|false\u00bb custom_padding=\u00bb70px|20px|70px|10vw|true|false\u00bb header_2_font_size_tablet=\u00bb32px\u00bb header_2_font_size_phone=\u00bb24px\u00bb header_2_font_size_last_edited=\u00bbon|tablet\u00bb locked=\u00bboff\u00bb global_colors_info=\u00bb{%22gcid-82d6c09a-d813-40a8-95b4-5069eeb5bf47%22:%91%22background_color%22%93}\u00bb]<h2>Desde 1990 trabajando el cuero de calidad<\/h2>[\/et_pb_text][\/et_pb_column][et_pb_column type=\u00bb1_2&#8243; _builder_version=\u00bb4.18.0&#8243; _module_preset=\u00bbdefault\u00bb global_colors_info=\u00bb{}\u00bb][et_pb_image src=\u00bbhttps:\/\/clauselsabater.com\/wp-content\/uploads\/2024\/04\/IMG_20240408_110212_110246-scaled.jpg\u00bb title_text=\u00bbIMG_20240408_110212_110246&#8243; _builder_version=\u00bb4.24.3&#8243; _module_preset=\u00bbdefault\u00bb locked=\u00bboff\u00bb global_colors_info=\u00bb{}\u00bb][\/et_pb_image][\/et_pb_column][\/et_pb_row][\/et_pb_section][et_pb_section fb_built=\u00bb1&#8243; admin_label=\u00bbCall to Action\u00bb _builder_version=\u00bb4.18.0&#8243; _module_preset=\u00bbdefault\u00bb background_color=\u00bbgcid-f53bea2f-11b6-47b2-a970-343c85385294&#8243; use_background_color_gradient=\u00bbon\u00bb background_color_gradient_stops=\u00bbgcid-f53bea2f-11b6-47b2-a970-343c85385294 70%|gcid-ab6b9068-bffc-496b-a93d-1ff98284b2de 70%\u00bb custom_padding=\u00bb0%||||false|false\u00bb collapsed=\u00bbon\u00bb global_colors_info=\u00bb{%22gcid-f53bea2f-11b6-47b2-a970-343c85385294%22:%91%22background_color%22,%22background_color_gradient_stops%22%93,%22gcid-ab6b9068-bffc-496b-a93d-1ff98284b2de%22:%91%22background_color_gradient_stops%22%93}\u00bb][et_pb_row _builder_version=\u00bb4.18.0&#8243; _module_preset=\u00bbdefault\u00bb max_width=\u00bbnone\u00bb global_colors_info=\u00bb{}\u00bb][et_pb_column type=\u00bb4_4&#8243; _builder_version=\u00bb4.18.0&#8243; _module_preset=\u00bbdefault\u00bb global_colors_info=\u00bb{}\u00bb][et_pb_text _builder_version=\u00bb4.18.0&#8243; _module_preset=\u00bbf9f368e9-1ac8-4322-a2db-788e8011a5fd\u00bb header_2_font=\u00bbCinzel|500||on|||||\u00bb header_2_text_color=\u00bb#E7E2BC\u00bb header_2_font_size=\u00bb8vw\u00bb header_2_line_height=\u00bb1.15em\u00bb header_2_font_size_tablet=\u00bb40px\u00bb header_2_font_size_phone=\u00bb24px\u00bb header_2_font_size_last_edited=\u00bbon|desktop\u00bb global_colors_info=\u00bb{}\u00bb]<h2>avanzando desde 1990<\/h2>[\/et_pb_text][\/et_pb_column][\/et_pb_row][et_pb_row column_structure=\u00bb1_2,1_2&#8243; use_custom_gutter=\u00bbon\u00bb gutter_width=\u00bb1&#8243; make_equal=\u00bbon\u00bb _builder_version=\u00bb4.24.3&#8243; _module_preset=\u00bbdefault\u00bb background_color=\u00bbgcid-82d6c09a-d813-40a8-95b4-5069eeb5bf47&#8243; background_enable_pattern_style=\u00bbon\u00bb background_pattern_style=\u00bbscallops\u00bb background_pattern_color=\u00bbrgba(0,0,0,0.05)\u00bb background_pattern_size=\u00bbcustom\u00bb background_pattern_width=\u00bb25px\u00bb custom_padding=\u00bb0px||0px||true|false\u00bb global_colors_info=\u00bb{%22gcid-82d6c09a-d813-40a8-95b4-5069eeb5bf47%22:%91%22background_color%22%93}\u00bb][et_pb_column type=\u00bb1_2&#8243; _builder_version=\u00bb4.24.3&#8243; _module_preset=\u00bbdefault\u00bb background_image=\u00bbhttps:\/\/clauselsabater.com\/wp-content\/uploads\/2024\/04\/IMG_20240408_105521_105531-scaled.jpg\u00bb global_colors_info=\u00bb{}\u00bb][et_pb_divider show_divider=\u00bboff\u00bb _builder_version=\u00bb4.18.0&#8243; _module_preset=\u00bbdefault\u00bb height_tablet=\u00bb40vw\u00bb height_phone=\u00bb40vw\u00bb height_last_edited=\u00bbon|desktop\u00bb global_colors_info=\u00bb{}\u00bb][\/et_pb_divider][\/et_pb_column][et_pb_column type=\u00bb1_2&#8243; _builder_version=\u00bb4.18.0&#8243; _module_preset=\u00bbdefault\u00bb custom_padding=\u00bb10vw|8%|6vw|8%|false|true\u00bb custom_padding_tablet=\u00bb30px|30px|30px|30px|true|true\u00bb custom_padding_phone=\u00bb20px|20px|20px|20px|true|true\u00bb custom_padding_last_edited=\u00bbon|desktop\u00bb global_colors_info=\u00bb{}\u00bb][et_pb_text _builder_version=\u00bb4.18.0&#8243; _module_preset=\u00bbaaa7c440-590a-4078-ae0c-0f3c699ac51c\u00bb header_font=\u00bb||||||||\u00bb header_3_font=\u00bbMarcellus||||||||\u00bb header_3_text_color=\u00bb#000000&#8243; header_3_font_size=\u00bb36px\u00bb header_3_line_height=\u00bb1.3em\u00bb text_orientation=\u00bbcenter\u00bb custom_margin_tablet=\u00bb||20px||false|false\u00bb custom_margin_phone=\u00bb||20px||false|false\u00bb custom_margin_last_edited=\u00bboff|desktop\u00bb header_3_font_size_tablet=\u00bb20px\u00bb header_3_font_size_phone=\u00bb16px\u00bb header_3_font_size_last_edited=\u00bbon|phone\u00bb global_colors_info=\u00bb{}\u00bb]<h3><span style=\"color: #a45137;\">Tenemos los mejores productos en el cuidado y mantenimiento de la piel y el cuero.<\/span><\/h3>[\/et_pb_text][et_pb_button button_text=\u00bbMejor calidad\u00bb button_alignment=\u00bbcenter\u00bb _builder_version=\u00bb4.24.3&#8243; _module_preset=\u00bb67c574eb-c75c-4deb-b2ff-3997e8d6bddb\u00bb custom_button=\u00bbon\u00bb button_text_size=\u00bb18px\u00bb button_text_color=\u00bb#a45137&#8243; button_bg_color=\u00bbRGBA(255,255,255,0)\u00bb button_border_width=\u00bb0px\u00bb button_border_radius=\u00bb0px\u00bb button_font=\u00bbPlayfair Display|700|on||||||\u00bb custom_margin=\u00bb10vw||||false|false\u00bb custom_padding=\u00bb12px|0px|12px|0px|true|true\u00bb hover_enabled=\u00bb0&#8243; box_shadow_style=\u00bbpreset4&#8243; box_shadow_horizontal=\u00bb0px\u00bb box_shadow_vertical=\u00bb2px\u00bb box_shadow_color=\u00bb#a45137&#8243; global_colors_info=\u00bb{}\u00bb sticky_enabled=\u00bb0&#8243;][\/et_pb_button][\/et_pb_column][\/et_pb_row][\/et_pb_section][et_pb_section fb_built=\u00bb1&#8243; admin_label=\u00bbFeatures\u00bb _builder_version=\u00bb4.18.0&#8243; _module_preset=\u00bbdefault\u00bb background_color=\u00bbgcid-ab6b9068-bffc-496b-a93d-1ff98284b2de\u00bb collapsed=\u00bbon\u00bb global_colors_info=\u00bb{%22gcid-ab6b9068-bffc-496b-a93d-1ff98284b2de%22:%91%22background_color%22%93}\u00bb][et_pb_row column_structure=\u00bb1_3,1_3,1_3&#8243; _builder_version=\u00bb4.18.0&#8243; _module_preset=\u00bbdefault\u00bb global_colors_info=\u00bb{}\u00bb][et_pb_column type=\u00bb1_3&#8243; _builder_version=\u00bb4.18.0&#8243; _module_preset=\u00bbdefault\u00bb global_colors_info=\u00bb{}\u00bb][et_pb_text _builder_version=\u00bb4.18.0&#8243; _module_preset=\u00bbb327cbe4-b1d5-4b66-ad37-40c8f2f061ba\u00bb header_2_font=\u00bbItaliana||||||||\u00bb header_2_text_color=\u00bb#E7E2BC\u00bb header_2_font_size=\u00bb70px\u00bb header_2_line_height=\u00bb1.2em\u00bb header_2_font_size_tablet=\u00bb32px\u00bb header_2_font_size_phone=\u00bb24px\u00bb header_2_font_size_last_edited=\u00bbon|tablet\u00bb text_orientation_tablet=\u00bbcenter\u00bb text_orientation_phone=\u00bbcenter\u00bb text_orientation_last_edited=\u00bbon|tablet\u00bb global_colors_info=\u00bb{}\u00bb]<h2>Calidad y Trabajo<\/h2>\n<p>&nbsp;<\/p>[\/et_pb_text][\/et_pb_column][et_pb_column type=\u00bb1_3&#8243; _builder_version=\u00bb4.18.0&#8243; _module_preset=\u00bbdefault\u00bb custom_padding_tablet=\u00bb||30px||false|false\u00bb custom_padding_phone=\u00bb||30px||false|false\u00bb custom_padding_last_edited=\u00bbon|tablet\u00bb global_colors_info=\u00bb{}\u00bb][et_pb_image src=\u00bbhttps:\/\/clauselsabater.com\/wp-content\/uploads\/2024\/04\/IMG_20240408_105335_105345-scaled.jpg\u00bb title_text=\u00bbIMG_20240408_105335_105345&#8243; _builder_version=\u00bb4.24.3&#8243; _module_preset=\u00bbdefault\u00bb global_colors_info=\u00bb{}\u00bb][\/et_pb_image][\/et_pb_column][et_pb_column type=\u00bb1_3&#8243; _builder_version=\u00bb4.18.0&#8243; _module_preset=\u00bbdefault\u00bb global_colors_info=\u00bb{}\u00bb][et_pb_video_slider _builder_version=\u00bb4.24.3&#8243; _module_preset=\u00bbdefault\u00bb width=\u00bb99.3%\u00bb min_height=\u00bb450.6px\u00bb custom_margin=\u00bb||5px|||\u00bb custom_padding=\u00bb0px|27px|0px|||\u00bb global_colors_info=\u00bb{}\u00bb][et_pb_video_slider_item src=\u00bbhttps:\/\/clauselsabater.com\/wp-content\/uploads\/2024\/04\/a2f828ff-68d7-44db-b96c-8bc5018119dd.mp4&#8243; _builder_version=\u00bb4.24.3&#8243; _module_preset=\u00bbdefault\u00bb transform_scale=\u00bb84%|84%\u00bb transform_translate=\u00bb-25px|-58px\u00bb global_colors_info=\u00bb{}\u00bb show_image_overlay=\u00bboff\u00bb][\/et_pb_video_slider_item][\/et_pb_video_slider][\/et_pb_column][\/et_pb_row][\/et_pb_section]\n","protected":false},"excerpt":{"rendered":"<p>EMPRESA Carlos Llorca es un profesional destacado en el mundo de la zapater\u00eda y la seguridad. Graduado en T\u00e9cnica de Ortopedia por la Universidad de Barcelona, su experiencia y conocimientos en este campo respaldan su compromiso con la excelencia y la precisi\u00f3n en cada trabajo que realiza. Certificaci\u00f3n por Xkey Spain, S.L., lo ha llevado [&hellip;]<\/p>\n","protected":false},"author":1,"featured_media":0,"parent":0,"menu_order":0,"comment_status":"closed","ping_status":"closed","template":"","meta":{"_et_pb_use_builder":"on","_et_pb_old_content":"","_et_gb_content_width":"","footnotes":""},"class_list":["post-120","page","type-page","status-publish","hentry"],"yoast_head":"<!-- This site is optimized with the Yoast SEO plugin v25.6 - https:\/\/yoast.com\/wordpress\/plugins\/seo\/ -->\n<title>Empresa - Claus el Sabater<\/title>\n<meta name=\"description\" content=\"Hay llaves que la ferreter\u00eda no hace, en Claus El Sabater podemos hacer un duplicado de cualquier llave de tu casa, del 90% de las llaves de coches, adem\u00e1s de copia de mandos de proximidad y todo a precios a partir de 40 \u20ac. Tambien tenemos y reparamos plantillas y zapatos de monta\u00f1a.\" \/>\n<meta name=\"robots\" content=\"index, follow, max-snippet:-1, max-image-preview:large, max-video-preview:-1\" \/>\n<link rel=\"canonical\" href=\"https:\/\/clauselsabater.com\/inicio\/48-2\/empresa\/\" \/>\n<meta property=\"og:locale\" content=\"es_ES\" \/>\n<meta property=\"og:type\" content=\"article\" \/>\n<meta property=\"og:title\" content=\"Empresa - Claus el Sabater\" \/>\n<meta property=\"og:description\" content=\"Hay llaves que la ferreter\u00eda no hace, en Claus El Sabater podemos hacer un duplicado de cualquier llave de tu casa, del 90% de las llaves de coches, adem\u00e1s de copia de mandos de proximidad y todo a precios a partir de 40 \u20ac. Tambien tenemos y reparamos plantillas y zapatos de monta\u00f1a.\" \/>\n<meta property=\"og:url\" content=\"https:\/\/clauselsabater.com\/inicio\/48-2\/empresa\/\" \/>\n<meta property=\"og:site_name\" content=\"Claus el Sabater\" \/>\n<meta property=\"article:modified_time\" content=\"2024-04-18T05:06:40+00:00\" \/>\n<meta name=\"twitter:card\" content=\"summary_large_image\" \/>\n<meta name=\"twitter:label1\" content=\"Tiempo de lectura\" \/>\n\t<meta name=\"twitter:data1\" content=\"2 minutos\" \/>\n<script type=\"application\/ld+json\" class=\"yoast-schema-graph\">{\"@context\":\"https:\/\/schema.org\",\"@graph\":[{\"@type\":\"WebPage\",\"@id\":\"https:\/\/clauselsabater.com\/inicio\/48-2\/empresa\/\",\"url\":\"https:\/\/clauselsabater.com\/inicio\/48-2\/empresa\/\",\"name\":\"Empresa - Claus el Sabater\",\"isPartOf\":{\"@id\":\"https:\/\/clauselsabater.com\/inicio\/48-2\/#website\"},\"datePublished\":\"2024-04-16T11:28:29+00:00\",\"dateModified\":\"2024-04-18T05:06:40+00:00\",\"description\":\"Hay llaves que la ferreter\u00eda no hace, en Claus El Sabater podemos hacer un duplicado de cualquier llave de tu casa, del 90% de las llaves de coches, adem\u00e1s de copia de mandos de proximidad y todo a precios a partir de 40 \u20ac. Tambien tenemos y reparamos plantillas y zapatos de monta\u00f1a.\",\"breadcrumb\":{\"@id\":\"https:\/\/clauselsabater.com\/inicio\/48-2\/empresa\/#breadcrumb\"},\"inLanguage\":\"es\",\"potentialAction\":[{\"@type\":\"ReadAction\",\"target\":[\"https:\/\/clauselsabater.com\/inicio\/48-2\/empresa\/\"]}]},{\"@type\":\"BreadcrumbList\",\"@id\":\"https:\/\/clauselsabater.com\/inicio\/48-2\/empresa\/#breadcrumb\",\"itemListElement\":[{\"@type\":\"ListItem\",\"position\":1,\"name\":\"Portada\",\"item\":\"https:\/\/clauselsabater.com\/inicio\/48-2\/\"},{\"@type\":\"ListItem\",\"position\":2,\"name\":\"Empresa\"}]},{\"@type\":\"WebSite\",\"@id\":\"https:\/\/clauselsabater.com\/inicio\/48-2\/#website\",\"url\":\"https:\/\/clauselsabater.com\/inicio\/48-2\/\",\"name\":\"Claus el Sabater\",\"description\":\"Tu zapatero y copia de llaves en Almussafes.\",\"potentialAction\":[{\"@type\":\"SearchAction\",\"target\":{\"@type\":\"EntryPoint\",\"urlTemplate\":\"https:\/\/clauselsabater.com\/inicio\/48-2\/?s={search_term_string}\"},\"query-input\":{\"@type\":\"PropertyValueSpecification\",\"valueRequired\":true,\"valueName\":\"search_term_string\"}}],\"inLanguage\":\"es\"}]}<\/script>\n<!-- \/ Yoast SEO plugin. -->","yoast_head_json":{"title":"Empresa - Claus el Sabater","description":"Hay llaves que la ferreter\u00eda no hace, en Claus El Sabater podemos hacer un duplicado de cualquier llave de tu casa, del 90% de las llaves de coches, adem\u00e1s de copia de mandos de proximidad y todo a precios a partir de 40 \u20ac. Tambien tenemos y reparamos plantillas y zapatos de monta\u00f1a.","robots":{"index":"index","follow":"follow","max-snippet":"max-snippet:-1","max-image-preview":"max-image-preview:large","max-video-preview":"max-video-preview:-1"},"canonical":"https:\/\/clauselsabater.com\/inicio\/48-2\/empresa\/","og_locale":"es_ES","og_type":"article","og_title":"Empresa - Claus el Sabater","og_description":"Hay llaves que la ferreter\u00eda no hace, en Claus El Sabater podemos hacer un duplicado de cualquier llave de tu casa, del 90% de las llaves de coches, adem\u00e1s de copia de mandos de proximidad y todo a precios a partir de 40 \u20ac. Tambien tenemos y reparamos plantillas y zapatos de monta\u00f1a.","og_url":"https:\/\/clauselsabater.com\/inicio\/48-2\/empresa\/","og_site_name":"Claus el Sabater","article_modified_time":"2024-04-18T05:06:40+00:00","twitter_card":"summary_large_image","twitter_misc":{"Tiempo de lectura":"2 minutos"},"schema":{"@context":"https:\/\/schema.org","@graph":[{"@type":"WebPage","@id":"https:\/\/clauselsabater.com\/inicio\/48-2\/empresa\/","url":"https:\/\/clauselsabater.com\/inicio\/48-2\/empresa\/","name":"Empresa - Claus el Sabater","isPartOf":{"@id":"https:\/\/clauselsabater.com\/inicio\/48-2\/#website"},"datePublished":"2024-04-16T11:28:29+00:00","dateModified":"2024-04-18T05:06:40+00:00","description":"Hay llaves que la ferreter\u00eda no hace, en Claus El Sabater podemos hacer un duplicado de cualquier llave de tu casa, del 90% de las llaves de coches, adem\u00e1s de copia de mandos de proximidad y todo a precios a partir de 40 \u20ac. Tambien tenemos y reparamos plantillas y zapatos de monta\u00f1a.","breadcrumb":{"@id":"https:\/\/clauselsabater.com\/inicio\/48-2\/empresa\/#breadcrumb"},"inLanguage":"es","potentialAction":[{"@type":"ReadAction","target":["https:\/\/clauselsabater.com\/inicio\/48-2\/empresa\/"]}]},{"@type":"BreadcrumbList","@id":"https:\/\/clauselsabater.com\/inicio\/48-2\/empresa\/#breadcrumb","itemListElement":[{"@type":"ListItem","position":1,"name":"Portada","item":"https:\/\/clauselsabater.com\/inicio\/48-2\/"},{"@type":"ListItem","position":2,"name":"Empresa"}]},{"@type":"WebSite","@id":"https:\/\/clauselsabater.com\/inicio\/48-2\/#website","url":"https:\/\/clauselsabater.com\/inicio\/48-2\/","name":"Claus el Sabater","description":"Tu zapatero y copia de llaves en Almussafes.","potentialAction":[{"@type":"SearchAction","target":{"@type":"EntryPoint","urlTemplate":"https:\/\/clauselsabater.com\/inicio\/48-2\/?s={search_term_string}"},"query-input":{"@type":"PropertyValueSpecification","valueRequired":true,"valueName":"search_term_string"}}],"inLanguage":"es"}]}},"_links":{"self":[{"href":"https:\/\/clauselsabater.com\/inicio\/48-2\/wp-json\/wp\/v2\/pages\/120","targetHints":{"allow":["GET"]}}],"collection":[{"href":"https:\/\/clauselsabater.com\/inicio\/48-2\/wp-json\/wp\/v2\/pages"}],"about":[{"href":"https:\/\/clauselsabater.com\/inicio\/48-2\/wp-json\/wp\/v2\/types\/page"}],"author":[{"embeddable":true,"href":"https:\/\/clauselsabater.com\/inicio\/48-2\/wp-json\/wp\/v2\/users\/1"}],"replies":[{"embeddable":true,"href":"https:\/\/clauselsabater.com\/inicio\/48-2\/wp-json\/wp\/v2\/comments?post=120"}],"version-history":[{"count":10,"href":"https:\/\/clauselsabater.com\/inicio\/48-2\/wp-json\/wp\/v2\/pages\/120\/revisions"}],"predecessor-version":[{"id":185,"href":"https:\/\/clauselsabater.com\/inicio\/48-2\/wp-json\/wp\/v2\/pages\/120\/revisions\/185"}],"wp:attachment":[{"href":"https:\/\/clauselsabater.com\/inicio\/48-2\/wp-json\/wp\/v2\/media?parent=120"}],"curies":[{"name":"wp","href":"https:\/\/api.w.org\/{rel}","templated":true}]}}