{"id":48,"date":"2024-04-16T09:32:06","date_gmt":"2024-04-16T07:32:06","guid":{"rendered":"https:\/\/clauselsabater.com\/inicio\/?page_id=48"},"modified":"2024-04-18T07:03:13","modified_gmt":"2024-04-18T05:03:13","slug":"48-2","status":"publish","type":"page","link":"https:\/\/clauselsabater.com\/inicio\/48-2\/","title":{"rendered":"Inicio"},"content":{"rendered":"\n[et_pb_section fb_built=\u00bb1&#8243; admin_label=\u00bbHeader\u00bb _builder_version=\u00bb4.24.3&#8243; _module_preset=\u00bbdefault\u00bb background_color=\u00bbgcid-f53bea2f-11b6-47b2-a970-343c85385294&#8243; use_background_color_gradient=\u00bbon\u00bb background_color_gradient_stops=\u00bbrgba(0,0,0,0) 0%|gcid-f53bea2f-11b6-47b2-a970-343c85385294 100%\u00bb background_color_gradient_overlays_image=\u00bbon\u00bb background_image=\u00bbhttps:\/\/clauselsabater.com\/wp-content\/uploads\/2024\/04\/cabecera2-1-scaled.jpg\u00bb custom_padding=\u00bb1vw||1vw||true|false\u00bb collapsed=\u00bbon\u00bb global_colors_info=\u00bb{%22gcid-f53bea2f-11b6-47b2-a970-343c85385294%22:%91%22background_color%22,%22background_color_gradient_stops%22%93}\u00bb][et_pb_row _builder_version=\u00bb4.18.0&#8243; _module_preset=\u00bbdefault\u00bb max_width=\u00bb750px\u00bb custom_padding=\u00bb||4px|||\u00bb global_colors_info=\u00bb{}\u00bb][et_pb_column type=\u00bb4_4&#8243; _builder_version=\u00bb4.18.0&#8243; _module_preset=\u00bbdefault\u00bb global_colors_info=\u00bb{}\u00bb][et_pb_text _builder_version=\u00bb4.18.0&#8243; _module_preset=\u00bbc16985e1-e0d6-4022-964d-e2bfc04fa633&#8243; header_font=\u00bbCinzel|||on|||||\u00bb header_text_color=\u00bb#E7E2BC\u00bb header_font_size=\u00bb120px\u00bb header_line_height=\u00bb1.15em\u00bb text_orientation=\u00bbcenter\u00bb header_font_size_tablet=\u00bb46px\u00bb header_font_size_phone=\u00bb28px\u00bb header_font_size_last_edited=\u00bbon|tablet\u00bb global_colors_info=\u00bb{}\u00bb]<h1>CLAUS EL SABATER<\/h1>[\/et_pb_text][et_pb_text _builder_version=\u00bb4.24.3&#8243; _module_preset=\u00bb518880c8-46c7-4ffa-b5a6-93ffa99dcc17&#8243; text_font=\u00bbMarcellus||||||||\u00bb text_text_color=\u00bb#E7E2BC\u00bb text_font_size=\u00bb22px\u00bb text_line_height=\u00bb1.65em\u00bb text_orientation=\u00bbcenter\u00bb custom_margin=\u00bb||84px|||\u00bb text_font_size_tablet=\u00bb16px\u00bb text_font_size_phone=\u00bb14px\u00bb text_font_size_last_edited=\u00bbon|desktop\u00bb global_colors_info=\u00bb{}\u00bb]<p>Somos profesionales activos desde 1990<\/p>[\/et_pb_text][et_pb_divider color=\u00bbgcid-82d6c09a-d813-40a8-95b4-5069eeb5bf47&#8243; divider_weight=\u00bb2px\u00bb _builder_version=\u00bb4.18.0&#8243; _module_preset=\u00bbdefault\u00bb custom_margin=\u00bb20px|||||\u00bb custom_padding=\u00bb||6px|||\u00bb global_colors_info=\u00bb{%22gcid-82d6c09a-d813-40a8-95b4-5069eeb5bf47%22:%91%22color%22%93}\u00bb][\/et_pb_divider][\/et_pb_column][\/et_pb_row][\/et_pb_section][et_pb_section fb_built=\u00bb1&#8243; admin_label=\u00bbAbout\u00bb _builder_version=\u00bb4.18.0&#8243; _module_preset=\u00bbdefault\u00bb background_color=\u00bbgcid-f53bea2f-11b6-47b2-a970-343c85385294&#8243; custom_padding=\u00bb21px||21px|||\u00bb collapsed=\u00bbon\u00bb global_colors_info=\u00bb{%22gcid-f53bea2f-11b6-47b2-a970-343c85385294%22:%91%22background_color%22%93}\u00bb][et_pb_row column_structure=\u00bb1_2,1_2&#8243; _builder_version=\u00bb4.18.0&#8243; _module_preset=\u00bbdefault\u00bb global_colors_info=\u00bb{}\u00bb][et_pb_column type=\u00bb1_2&#8243; _builder_version=\u00bb4.18.0&#8243; _module_preset=\u00bbdefault\u00bb custom_padding_tablet=\u00bb||30px||false|false\u00bb custom_padding_phone=\u00bb||30px||false|false\u00bb custom_padding_last_edited=\u00bbon|tablet\u00bb global_colors_info=\u00bb{}\u00bb][et_pb_image src=\u00bbhttps:\/\/clauselsabater.com\/wp-content\/uploads\/2024\/04\/2-llaves-de-coche-scaled.jpg\u00bb title_text=\u00bb2-llaves de coche\u00bb _builder_version=\u00bb4.24.3&#8243; _module_preset=\u00bbdefault\u00bb background_color=\u00bb#000000&#8243; use_background_color_gradient=\u00bbon\u00bb hover_enabled=\u00bb0&#8243; global_colors_info=\u00bb{}\u00bb sticky_enabled=\u00bb0&#8243;][\/et_pb_image][et_pb_text _builder_version=\u00bb4.18.0&#8243; _module_preset=\u00bb518880c8-46c7-4ffa-b5a6-93ffa99dcc17&#8243; text_font=\u00bbMarcellus||||||||\u00bb text_text_color=\u00bb#E7E2BC\u00bb text_font_size=\u00bb22px\u00bb text_line_height=\u00bb1.65em\u00bb text_font_size_tablet=\u00bb16px\u00bb text_font_size_phone=\u00bb14px\u00bb text_font_size_last_edited=\u00bbon|desktop\u00bb global_colors_info=\u00bb{}\u00bb]<div class=\"flex flex-grow flex-col max-w-full\">\n<div data-message-author-role=\"assistant\" data-message-id=\"2e73eaba-2226-48ac-9bd0-390e2502b6ef\" dir=\"auto\" class=\"min-h-[20px] text-message flex flex-col items-start gap-3 whitespace-pre-wrap break-words [.text-message+&amp;]:mt-5 overflow-x-auto\">\n<div class=\"markdown prose w-full break-words dark:prose-invert dark\">\n<p><span style=\"font-size: medium;\">En nuestro establecimiento, nos enorgullecemos de ser expertos en el arte de duplicar llaves de veh\u00edculos, ofreciendo un servicio que supera las expectativas y resuelve los desaf\u00edos donde otros fallan.<\/span><\/p>\n<\/div>\n<\/div>\n<\/div>[\/et_pb_text][\/et_pb_column][et_pb_column type=\u00bb1_2&#8243; _builder_version=\u00bb4.18.0&#8243; _module_preset=\u00bbdefault\u00bb global_colors_info=\u00bb{}\u00bb][et_pb_image src=\u00bbhttps:\/\/clauselsabater.com\/wp-content\/uploads\/2024\/04\/2-cabecera_3-scaled.jpg\u00bb title_text=\u00bb2-cabecera_3&#8243; _builder_version=\u00bb4.24.3&#8243; _module_preset=\u00bbdefault\u00bb hover_enabled=\u00bb0&#8243; global_colors_info=\u00bb{}\u00bb sticky_enabled=\u00bb0&#8243;][\/et_pb_image][et_pb_text _builder_version=\u00bb4.18.0&#8243; _module_preset=\u00bb518880c8-46c7-4ffa-b5a6-93ffa99dcc17&#8243; text_font=\u00bbMarcellus||||||||\u00bb text_text_color=\u00bb#E7E2BC\u00bb text_font_size=\u00bb22px\u00bb text_line_height=\u00bb1.65em\u00bb text_font_size_tablet=\u00bb16px\u00bb text_font_size_phone=\u00bb14px\u00bb text_font_size_last_edited=\u00bbon|desktop\u00bb global_colors_info=\u00bb{}\u00bb]<p><span style=\"font-size: medium;\">Expertos en duplicados de llaves, tu soluci\u00f3n exclusiva! Encuentra lo \u00fanico aqu\u00ed, donde la precisi\u00f3n y la calidad nos distinguen.<\/span><\/p>[\/et_pb_text][\/et_pb_column][\/et_pb_row][\/et_pb_section][et_pb_section fb_built=\u00bb1&#8243; admin_label=\u00bbCall to Action\u00bb _builder_version=\u00bb4.18.0&#8243; _module_preset=\u00bbdefault\u00bb background_color=\u00bbgcid-f53bea2f-11b6-47b2-a970-343c85385294&#8243; collapsed=\u00bbon\u00bb global_colors_info=\u00bb{%22gcid-f53bea2f-11b6-47b2-a970-343c85385294%22:%91%22background_color%22%93}\u00bb][et_pb_row column_structure=\u00bb1_2,1_2&#8243; use_custom_gutter=\u00bbon\u00bb gutter_width=\u00bb1&#8243; make_equal=\u00bbon\u00bb _builder_version=\u00bb4.24.3&#8243; _module_preset=\u00bbdefault\u00bb global_colors_info=\u00bb{}\u00bb][et_pb_column type=\u00bb1_2&#8243; _builder_version=\u00bb4.24.3&#8243; _module_preset=\u00bbdefault\u00bb use_background_color_gradient=\u00bbon\u00bb background_color_gradient_stops=\u00bbgcid-f53bea2f-11b6-47b2-a970-343c85385294 0%|rgba(0,0,0,0) 70%\u00bb background_color_gradient_overlays_image=\u00bbon\u00bb background_image=\u00bbhttps:\/\/clauselsabater.com\/wp-content\/uploads\/2024\/04\/shoe-repair-23.jpg\u00bb custom_padding=\u00bb60px|60px|60px|60px|true|true\u00bb custom_padding_tablet=\u00bb|30px||30px|false|true\u00bb custom_padding_phone=\u00bb|20px||20px|false|true\u00bb custom_padding_last_edited=\u00bbon|desktop\u00bb global_colors_info=\u00bb{%22gcid-f53bea2f-11b6-47b2-a970-343c85385294%22:%91%22background_color_gradient_stops%22%93}\u00bb][et_pb_text _builder_version=\u00bb4.18.0&#8243; _module_preset=\u00bbb327cbe4-b1d5-4b66-ad37-40c8f2f061ba\u00bb header_2_font=\u00bbItaliana||||||||\u00bb header_2_text_color=\u00bb#E7E2BC\u00bb header_2_font_size=\u00bb70px\u00bb header_2_line_height=\u00bb1.2em\u00bb custom_margin=\u00bb||30px||false|false\u00bb header_2_font_size_tablet=\u00bb32px\u00bb header_2_font_size_phone=\u00bb24px\u00bb header_2_font_size_last_edited=\u00bbon|tablet\u00bb text_orientation_tablet=\u00bbcenter\u00bb text_orientation_phone=\u00bbcenter\u00bb text_orientation_last_edited=\u00bbon|tablet\u00bb global_colors_info=\u00bb{}\u00bb]<h2>Reparaci\u00f3n de calzado<\/h2>[\/et_pb_text][et_pb_button button_text=\u00bbPreguntanos\u00bb button_alignment_tablet=\u00bbcenter\u00bb button_alignment_phone=\u00bbcenter\u00bb button_alignment_last_edited=\u00bbon|tablet\u00bb _builder_version=\u00bb4.24.3&#8243; _module_preset=\u00bb31b4f027-aaa0-4f2f-ae02-959764e19e4f\u00bb custom_button=\u00bbon\u00bb button_text_size=\u00bb18px\u00bb button_text_color=\u00bb#ffffff\u00bb button_bg_color=\u00bb#a45137&#8243; button_border_width=\u00bb0px\u00bb button_border_radius=\u00bb0px\u00bb button_letter_spacing=\u00bb1px\u00bb button_font=\u00bbPlayfair Display|700|on||||||\u00bb custom_padding=\u00bb12px|30px|12px|30px|true|true\u00bb global_colors_info=\u00bb{}\u00bb][\/et_pb_button][\/et_pb_column][et_pb_column type=\u00bb1_2&#8243; _builder_version=\u00bb4.18.0&#8243; _module_preset=\u00bbdefault\u00bb background_color=\u00bbgcid-ab6b9068-bffc-496b-a93d-1ff98284b2de\u00bb background_enable_pattern_style=\u00bbon\u00bb background_pattern_style=\u00bbscallops\u00bb background_pattern_color=\u00bbrgba(0,0,0,0.1)\u00bb background_pattern_size=\u00bbcustom\u00bb background_pattern_width=\u00bb32px\u00bb custom_padding=\u00bb60px|60px|60px|60px|true|true\u00bb custom_padding_tablet=\u00bb40px|40px|40px|40px|true|true\u00bb custom_padding_phone=\u00bb40px|40px|40px|40px|true|true\u00bb custom_padding_last_edited=\u00bbon|phone\u00bb global_colors_info=\u00bb{%22gcid-ab6b9068-bffc-496b-a93d-1ff98284b2de%22:%91%22background_color%22%93}\u00bb][et_pb_image src=\u00bbhttps:\/\/clauselsabater.com\/wp-content\/uploads\/2024\/04\/shoe-repair-29.jpg\u00bb title_text=\u00bbshoe-repair-29&#8243; align=\u00bbcenter\u00bb _builder_version=\u00bb4.24.3&#8243; _module_preset=\u00bbdefault\u00bb max_height=\u00bb400px\u00bb custom_margin=\u00bb||30px||false|false\u00bb global_colors_info=\u00bb{}\u00bb][\/et_pb_image][et_pb_text _builder_version=\u00bb4.18.0&#8243; _module_preset=\u00bbb327cbe4-b1d5-4b66-ad37-40c8f2f061ba\u00bb header_2_font=\u00bbItaliana||||||||\u00bb header_2_text_color=\u00bb#E7E2BC\u00bb header_2_font_size=\u00bb70px\u00bb header_2_line_height=\u00bb1.2em\u00bb text_orientation=\u00bbcenter\u00bb header_2_font_size_tablet=\u00bb32px\u00bb header_2_font_size_phone=\u00bb24px\u00bb header_2_font_size_last_edited=\u00bbon|tablet\u00bb global_colors_info=\u00bb{}\u00bb]<h2>Es posible<\/h2>[\/et_pb_text][et_pb_button button_text=\u00bbConserva lo que desees, lo restauramos.\u00bb button_alignment=\u00bbcenter\u00bb _builder_version=\u00bb4.24.3&#8243; _module_preset=\u00bb50375c06-c1dd-4673-9cd6-64b4517f163e\u00bb custom_button=\u00bbon\u00bb button_text_size=\u00bb18px\u00bb button_text_color=\u00bb#e7e2bc\u00bb button_bg_color=\u00bbRGBA(255,255,255,0)\u00bb button_border_width=\u00bb0px\u00bb button_border_radius=\u00bb0px\u00bb button_font=\u00bbPlayfair Display|700|on||||||\u00bb custom_padding=\u00bb12px|0px|12px|0px|true|true\u00bb box_shadow_style=\u00bbpreset4&#8243; box_shadow_horizontal=\u00bb0px\u00bb box_shadow_vertical=\u00bb2px\u00bb box_shadow_color=\u00bb#e7e2bc\u00bb global_colors_info=\u00bb{}\u00bb][\/et_pb_button][\/et_pb_column][\/et_pb_row][\/et_pb_section][et_pb_section fb_built=\u00bb1&#8243; admin_label=\u00bbFeature\u00bb _builder_version=\u00bb4.24.3&#8243; _module_preset=\u00bbdefault\u00bb background_color=\u00bbgcid-f53bea2f-11b6-47b2-a970-343c85385294&#8243; use_background_color_gradient=\u00bbon\u00bb background_color_gradient_stops=\u00bb#000000 0%|#3d2d00 100%\u00bb background_image=\u00bbhttps:\/\/clauselsabater.com\/wp-content\/uploads\/2024\/04\/fallerelos-scaled.jpg\u00bb background_size=\u00bbcustom\u00bb background_image_width=\u00bb55%\u00bb background_position=\u00bbcenter_right\u00bb background_horizontal_offset=\u00bb22%\u00bb custom_padding=\u00bb||||false|false\u00bb collapsed=\u00bbon\u00bb global_colors_info=\u00bb{%22gcid-f53bea2f-11b6-47b2-a970-343c85385294%22:%91%22background_color%22%93}\u00bb][et_pb_row _builder_version=\u00bb4.18.0&#8243; _module_preset=\u00bbdefault\u00bb global_colors_info=\u00bb{}\u00bb][et_pb_column type=\u00bb4_4&#8243; _builder_version=\u00bb4.18.0&#8243; _module_preset=\u00bbdefault\u00bb global_colors_info=\u00bb{}\u00bb][et_pb_text _builder_version=\u00bb4.18.0&#8243; _module_preset=\u00bbb327cbe4-b1d5-4b66-ad37-40c8f2f061ba\u00bb header_2_font=\u00bbItaliana||||||||\u00bb header_2_text_color=\u00bb#E7E2BC\u00bb header_2_font_size=\u00bb70px\u00bb header_2_line_height=\u00bb1.2em\u00bb width=\u00bb60%\u00bb header_2_font_size_tablet=\u00bb32px\u00bb header_2_font_size_phone=\u00bb24px\u00bb header_2_font_size_last_edited=\u00bbon|tablet\u00bb global_colors_info=\u00bb{}\u00bb]<h2>Especialistas en calzado fallero<\/h2>[\/et_pb_text][\/et_pb_column][\/et_pb_row][et_pb_row column_structure=\u00bb1_2,1_2&#8243; _builder_version=\u00bb4.18.0&#8243; _module_preset=\u00bbdefault\u00bb custom_padding=\u00bb||0px||false|false\u00bb global_colors_info=\u00bb{}\u00bb][et_pb_column type=\u00bb1_2&#8243; _builder_version=\u00bb4.18.0&#8243; _module_preset=\u00bbdefault\u00bb background_color=\u00bbgcid-82d6c09a-d813-40a8-95b4-5069eeb5bf47&#8243; background_enable_pattern_style=\u00bbon\u00bb background_pattern_style=\u00bbscallops\u00bb background_pattern_color=\u00bbrgba(0,0,0,0.1)\u00bb background_pattern_size=\u00bbcustom\u00bb background_pattern_width=\u00bb32px\u00bb custom_padding=\u00bb40px|40px|40px|40px|true|true\u00bb custom_padding_tablet=\u00bb30px|30px|30px|30px|true|true\u00bb custom_padding_phone=\u00bb20px|20px|20px|20px|true|true\u00bb custom_padding_last_edited=\u00bbon|desktop\u00bb global_colors_info=\u00bb{%22gcid-82d6c09a-d813-40a8-95b4-5069eeb5bf47%22:%91%22background_color%22%93}\u00bb][et_pb_text _builder_version=\u00bb4.18.0&#8243; _module_preset=\u00bbb327cbe4-b1d5-4b66-ad37-40c8f2f061ba\u00bb header_2_font=\u00bbItaliana||||||||\u00bb header_2_text_color=\u00bb#000000&#8243; header_2_font_size=\u00bb70px\u00bb header_2_line_height=\u00bb1.2em\u00bb custom_margin=\u00bb||0px||false|false\u00bb header_2_font_size_tablet=\u00bb32px\u00bb header_2_font_size_phone=\u00bb24px\u00bb header_2_font_size_last_edited=\u00bbon|tablet\u00bb global_colors_info=\u00bb{}\u00bb]<h2><span style=\"color: #a45137;\">Tus necesidades nuestro objetivo<\/span><\/h2>[\/et_pb_text][et_pb_button button_text=\u00bbLlamanos\u00bb _builder_version=\u00bb4.24.3&#8243; _module_preset=\u00bba5623fcf-17cc-4af8-9e0e-1fe035b87581&#8243; custom_button=\u00bbon\u00bb button_text_size=\u00bb18px\u00bb button_text_color=\u00bb#a45137&#8243; button_bg_color=\u00bbRGBA(255,255,255,0)\u00bb button_border_width=\u00bb0px\u00bb button_border_radius=\u00bb0px\u00bb button_font=\u00bbPlayfair Display|700|on||||||\u00bb custom_margin=\u00bb||||false|false\u00bb custom_padding=\u00bb12px|0px|12px|0px|true|false\u00bb box_shadow_style=\u00bbpreset4&#8243; box_shadow_horizontal=\u00bb0px\u00bb box_shadow_vertical=\u00bb2px\u00bb box_shadow_color=\u00bb#a45137&#8243; global_colors_info=\u00bb{}\u00bb][\/et_pb_button][\/et_pb_column][et_pb_column type=\u00bb1_2&#8243; _builder_version=\u00bb4.18.0&#8243; _module_preset=\u00bbdefault\u00bb global_colors_info=\u00bb{}\u00bb][\/et_pb_column][\/et_pb_row][\/et_pb_section][et_pb_section fb_built=\u00bb1&#8243; admin_label=\u00bbFooter\u00bb _builder_version=\u00bb4.24.3&#8243; _module_preset=\u00bbdefault\u00bb background_color=\u00bbgcid-f53bea2f-11b6-47b2-a970-343c85385294&#8243; use_background_color_gradient=\u00bbon\u00bb background_color_gradient_stops=\u00bbgcid-f53bea2f-11b6-47b2-a970-343c85385294 0%|rgba(0,0,0,0.5) 100%\u00bb background_color_gradient_overlays_image=\u00bbon\u00bb background_image=\u00bbhttps:\/\/clauselsabater.com\/wp-content\/uploads\/2024\/04\/pie-scaled.jpg\u00bb custom_padding=\u00bb2vw||2vw||true|false\u00bb collapsed=\u00bbon\u00bb global_colors_info=\u00bb{%22gcid-f53bea2f-11b6-47b2-a970-343c85385294%22:%91%22background_color_gradient_stops%22,%22background_color%22%93}\u00bb][et_pb_row column_structure=\u00bb1_2,1_2&#8243; _builder_version=\u00bb4.18.0&#8243; _module_preset=\u00bbdefault\u00bb custom_padding=\u00bb||30px|||\u00bb global_colors_info=\u00bb{}\u00bb][et_pb_column type=\u00bb1_2&#8243; _builder_version=\u00bb4.18.0&#8243; _module_preset=\u00bbdefault\u00bb global_colors_info=\u00bb{}\u00bb][et_pb_image src=\u00bbhttps:\/\/clauselsabater.com\/wp-content\/uploads\/2024\/04\/logo2.png\u00bb title_text=\u00bblogo2&#8243; _builder_version=\u00bb4.24.3&#8243; _module_preset=\u00bbdefault\u00bb global_colors_info=\u00bb{}\u00bb][\/et_pb_image][et_pb_blurb title=\u00bbTel\u00e9fono\u00bb content_max_width=\u00bb100%\u00bb _builder_version=\u00bb4.24.3&#8243; _module_preset=\u00bb7c394586-d55e-4f8e-967a-7e42ab3d85af\u00bb header_font=\u00bbMarcellus||||||||\u00bb header_text_color=\u00bb#000000&#8243; header_font_size=\u00bb24px\u00bb body_font=\u00bbMarcellus||||||||\u00bb body_text_color=\u00bb#a45137&#8243; body_font_size=\u00bb36px\u00bb body_line_height=\u00bb1em\u00bb background_color=\u00bb#a45137&#8243; background_enable_pattern_style=\u00bbon\u00bb background_pattern_style=\u00bbscallops\u00bb background_pattern_color=\u00bbrgba(0,0,0,0.05)\u00bb background_pattern_size=\u00bbcustom\u00bb background_pattern_width=\u00bb30px\u00bb custom_margin=\u00bb|||0vw|false|false\u00bb custom_padding=\u00bb30px|30px|30px|6vw|true|false\u00bb custom_padding_tablet=\u00bb\u00bb custom_padding_phone=\u00bb20px|20px|20px||true|false\u00bb custom_padding_last_edited=\u00bbon|phone\u00bb animation=\u00bboff\u00bb header_font_size_tablet=\u00bb16px\u00bb header_font_size_phone=\u00bb14px\u00bb header_font_size_last_edited=\u00bbon|desktop\u00bb body_font_size_tablet=\u00bb20px\u00bb body_font_size_phone=\u00bb16px\u00bb body_font_size_last_edited=\u00bbon|desktop\u00bb locked=\u00bboff\u00bb global_colors_info=\u00bb{}\u00bb]<p><span style=\"color: #f4ed9c;\">(+34) 687 541 493<\/span><\/p>[\/et_pb_blurb][\/et_pb_column][et_pb_column type=\u00bb1_2&#8243; _builder_version=\u00bb4.18.0&#8243; _module_preset=\u00bbdefault\u00bb global_colors_info=\u00bb{}\u00bb][et_pb_code _builder_version=\u00bb4.24.3&#8243; _module_preset=\u00bbdefault\u00bb filter_invert=\u00bb100%\u00bb filter_sepia=\u00bb100%\u00bb border_radii=\u00bbon|29px|29px|29px|29px\u00bb global_colors_info=\u00bb{}\u00bb]<iframe src=\"https:\/\/www.google.com\/maps\/embed?pb=!1m18!1m12!1m3!1d3087.7312787371043!2d-0.41540342361440413!3d39.29434432318458!2m3!1f0!2f0!3f0!3m2!1i1024!2i768!4f13.1!3m3!1m2!1s0xd61b2e1fbf7fc4f%3A0x2d869dfd9f472a5c!2sEl%20Sabater.!5e0!3m2!1ses!2ses!4v1713263674138!5m2!1ses!2ses\" width=\"600\" height=\"300\" style=\"border:0;\" allowfullscreen=\"\" loading=\"lazy\" referrerpolicy=\"no-referrer-when-downgrade\"><\/iframe>[\/et_pb_code][\/et_pb_column][\/et_pb_row][\/et_pb_section]\n","protected":false},"excerpt":{"rendered":"<p>CLAUS EL SABATERSomos profesionales activos desde 1990 En nuestro establecimiento, nos enorgullecemos de ser expertos en el arte de duplicar llaves de veh\u00edculos, ofreciendo un servicio que supera las expectativas y resuelve los desaf\u00edos donde otros fallan. Expertos en duplicados de llaves, tu soluci\u00f3n exclusiva! Encuentra lo \u00fanico aqu\u00ed, donde la precisi\u00f3n y la calidad [&hellip;]<\/p>\n","protected":false},"author":1,"featured_media":0,"parent":0,"menu_order":0,"comment_status":"closed","ping_status":"closed","template":"","meta":{"_et_pb_use_builder":"on","_et_pb_old_content":"","_et_gb_content_width":"","footnotes":""},"class_list":["post-48","page","type-page","status-publish","hentry"],"yoast_head":"<!-- This site is optimized with the Yoast SEO plugin v25.6 - https:\/\/yoast.com\/wordpress\/plugins\/seo\/ -->\n<title>Inicio - Claus el Sabater<\/title>\n<meta name=\"description\" content=\"Hay llaves que la ferreter\u00eda no hace, en Claus El Sabater podemos hacer un duplicado de cualquier llave de tu casa, del 90% de las llaves de coches, adem\u00e1s de copia de mandos de proximidad y todo a precios a partir de 40 \u20ac.\" \/>\n<meta name=\"robots\" content=\"index, follow, max-snippet:-1, max-image-preview:large, max-video-preview:-1\" \/>\n<link rel=\"canonical\" href=\"https:\/\/clauselsabater.com\/inicio\/48-2\/\" \/>\n<meta property=\"og:locale\" content=\"es_ES\" \/>\n<meta property=\"og:type\" content=\"article\" \/>\n<meta property=\"og:title\" content=\"Inicio - Claus el Sabater\" \/>\n<meta property=\"og:description\" content=\"Hay llaves que la ferreter\u00eda no hace, en Claus El Sabater podemos hacer un duplicado de cualquier llave de tu casa, del 90% de las llaves de coches, adem\u00e1s de copia de mandos de proximidad y todo a precios a partir de 40 \u20ac.\" \/>\n<meta property=\"og:url\" content=\"https:\/\/clauselsabater.com\/inicio\/48-2\/\" \/>\n<meta property=\"og:site_name\" content=\"Claus el Sabater\" \/>\n<meta property=\"article:modified_time\" content=\"2024-04-18T05:03:13+00:00\" \/>\n<meta name=\"twitter:card\" content=\"summary_large_image\" \/>\n<meta name=\"twitter:label1\" content=\"Tiempo de lectura\" \/>\n\t<meta name=\"twitter:data1\" content=\"2 minutos\" \/>\n<script type=\"application\/ld+json\" class=\"yoast-schema-graph\">{\"@context\":\"https:\/\/schema.org\",\"@graph\":[{\"@type\":\"WebPage\",\"@id\":\"https:\/\/clauselsabater.com\/inicio\/48-2\/\",\"url\":\"https:\/\/clauselsabater.com\/inicio\/48-2\/\",\"name\":\"Inicio - Claus el Sabater\",\"isPartOf\":{\"@id\":\"https:\/\/clauselsabater.com\/inicio\/48-2\/#website\"},\"datePublished\":\"2024-04-16T07:32:06+00:00\",\"dateModified\":\"2024-04-18T05:03:13+00:00\",\"description\":\"Hay llaves que la ferreter\u00eda no hace, en Claus El Sabater podemos hacer un duplicado de cualquier llave de tu casa, del 90% de las llaves de coches, adem\u00e1s de copia de mandos de proximidad y todo a precios a partir de 40 \u20ac.\",\"breadcrumb\":{\"@id\":\"https:\/\/clauselsabater.com\/inicio\/48-2\/#breadcrumb\"},\"inLanguage\":\"es\",\"potentialAction\":[{\"@type\":\"ReadAction\",\"target\":[\"https:\/\/clauselsabater.com\/inicio\/48-2\/\"]}]},{\"@type\":\"BreadcrumbList\",\"@id\":\"https:\/\/clauselsabater.com\/inicio\/48-2\/#breadcrumb\",\"itemListElement\":[{\"@type\":\"ListItem\",\"position\":1,\"name\":\"Portada\",\"item\":\"https:\/\/clauselsabater.com\/inicio\/48-2\/\"},{\"@type\":\"ListItem\",\"position\":2,\"name\":\"Inicio\"}]},{\"@type\":\"WebSite\",\"@id\":\"https:\/\/clauselsabater.com\/inicio\/48-2\/#website\",\"url\":\"https:\/\/clauselsabater.com\/inicio\/48-2\/\",\"name\":\"Claus el Sabater\",\"description\":\"Tu zapatero y copia de llaves en Almussafes.\",\"potentialAction\":[{\"@type\":\"SearchAction\",\"target\":{\"@type\":\"EntryPoint\",\"urlTemplate\":\"https:\/\/clauselsabater.com\/inicio\/48-2\/?s={search_term_string}\"},\"query-input\":{\"@type\":\"PropertyValueSpecification\",\"valueRequired\":true,\"valueName\":\"search_term_string\"}}],\"inLanguage\":\"es\"}]}<\/script>\n<!-- \/ Yoast SEO plugin. -->","yoast_head_json":{"title":"Inicio - Claus el Sabater","description":"Hay llaves que la ferreter\u00eda no hace, en Claus El Sabater podemos hacer un duplicado de cualquier llave de tu casa, del 90% de las llaves de coches, adem\u00e1s de copia de mandos de proximidad y todo a precios a partir de 40 \u20ac.","robots":{"index":"index","follow":"follow","max-snippet":"max-snippet:-1","max-image-preview":"max-image-preview:large","max-video-preview":"max-video-preview:-1"},"canonical":"https:\/\/clauselsabater.com\/inicio\/48-2\/","og_locale":"es_ES","og_type":"article","og_title":"Inicio - Claus el Sabater","og_description":"Hay llaves que la ferreter\u00eda no hace, en Claus El Sabater podemos hacer un duplicado de cualquier llave de tu casa, del 90% de las llaves de coches, adem\u00e1s de copia de mandos de proximidad y todo a precios a partir de 40 \u20ac.","og_url":"https:\/\/clauselsabater.com\/inicio\/48-2\/","og_site_name":"Claus el Sabater","article_modified_time":"2024-04-18T05:03:13+00:00","twitter_card":"summary_large_image","twitter_misc":{"Tiempo de lectura":"2 minutos"},"schema":{"@context":"https:\/\/schema.org","@graph":[{"@type":"WebPage","@id":"https:\/\/clauselsabater.com\/inicio\/48-2\/","url":"https:\/\/clauselsabater.com\/inicio\/48-2\/","name":"Inicio - Claus el Sabater","isPartOf":{"@id":"https:\/\/clauselsabater.com\/inicio\/48-2\/#website"},"datePublished":"2024-04-16T07:32:06+00:00","dateModified":"2024-04-18T05:03:13+00:00","description":"Hay llaves que la ferreter\u00eda no hace, en Claus El Sabater podemos hacer un duplicado de cualquier llave de tu casa, del 90% de las llaves de coches, adem\u00e1s de copia de mandos de proximidad y todo a precios a partir de 40 \u20ac.","breadcrumb":{"@id":"https:\/\/clauselsabater.com\/inicio\/48-2\/#breadcrumb"},"inLanguage":"es","potentialAction":[{"@type":"ReadAction","target":["https:\/\/clauselsabater.com\/inicio\/48-2\/"]}]},{"@type":"BreadcrumbList","@id":"https:\/\/clauselsabater.com\/inicio\/48-2\/#breadcrumb","itemListElement":[{"@type":"ListItem","position":1,"name":"Portada","item":"https:\/\/clauselsabater.com\/inicio\/48-2\/"},{"@type":"ListItem","position":2,"name":"Inicio"}]},{"@type":"WebSite","@id":"https:\/\/clauselsabater.com\/inicio\/48-2\/#website","url":"https:\/\/clauselsabater.com\/inicio\/48-2\/","name":"Claus el Sabater","description":"Tu zapatero y copia de llaves en Almussafes.","potentialAction":[{"@type":"SearchAction","target":{"@type":"EntryPoint","urlTemplate":"https:\/\/clauselsabater.com\/inicio\/48-2\/?s={search_term_string}"},"query-input":{"@type":"PropertyValueSpecification","valueRequired":true,"valueName":"search_term_string"}}],"inLanguage":"es"}]}},"_links":{"self":[{"href":"https:\/\/clauselsabater.com\/inicio\/48-2\/wp-json\/wp\/v2\/pages\/48","targetHints":{"allow":["GET"]}}],"collection":[{"href":"https:\/\/clauselsabater.com\/inicio\/48-2\/wp-json\/wp\/v2\/pages"}],"about":[{"href":"https:\/\/clauselsabater.com\/inicio\/48-2\/wp-json\/wp\/v2\/types\/page"}],"author":[{"embeddable":true,"href":"https:\/\/clauselsabater.com\/inicio\/48-2\/wp-json\/wp\/v2\/users\/1"}],"replies":[{"embeddable":true,"href":"https:\/\/clauselsabater.com\/inicio\/48-2\/wp-json\/wp\/v2\/comments?post=48"}],"version-history":[{"count":22,"href":"https:\/\/clauselsabater.com\/inicio\/48-2\/wp-json\/wp\/v2\/pages\/48\/revisions"}],"predecessor-version":[{"id":184,"href":"https:\/\/clauselsabater.com\/inicio\/48-2\/wp-json\/wp\/v2\/pages\/48\/revisions\/184"}],"wp:attachment":[{"href":"https:\/\/clauselsabater.com\/inicio\/48-2\/wp-json\/wp\/v2\/media?parent=48"}],"curies":[{"name":"wp","href":"https:\/\/api.w.org\/{rel}","templated":true}]}}